{"id":4733,"date":"2024-10-17T11:09:58","date_gmt":"2024-10-17T11:09:58","guid":{"rendered":"https:\/\/skinbodycaree.com\/produit\/numbuzin-glow-super-glowing-essence\/"},"modified":"2025-11-08T12:38:00","modified_gmt":"2025-11-08T12:38:00","slug":"numbuzin-glow-super-glowing-essence","status":"publish","type":"product","link":"https:\/\/skinbodycaree.com\/en\/product\/numbuzin-glow-super-glowing-essence\/","title":{"rendered":"Numbuzin Glow super glowing essence"},"content":{"rendered":"<p>Compos\u00e9s de 50 types d&rsquo;ingr\u00e9dients ferment\u00e9s, le Numbuzin no.3 Super Glowing Toner Essence Toner am\u00e9liore l&rsquo;\u00e9clat, l&rsquo;\u00e9lasticit\u00e9 et l&rsquo;apparence de la peau.<\/p>\n<p>Pour ceux qui sont pr\u00e9occup\u00e9s par un teint terne ou par un manque de glow.<\/p>\n<p>Pour&nbsp;tous les types de peaux.<\/p>","protected":false},"excerpt":{"rendered":"<p>Compos\u00e9s de 50 types d&rsquo;ingr\u00e9dients ferment\u00e9s, le Numbuzin no.3 Super Glowing Toner Essence Toner am\u00e9liore l&rsquo;\u00e9clat, l&rsquo;\u00e9lasticit\u00e9 et l&rsquo;apparence de la peau. Pour ceux qui sont pr\u00e9occup\u00e9s par un teint terne ou par un manque de glow. Pour&nbsp;tous les types de peaux.<\/p>","protected":false},"featured_media":4732,"template":"","meta":[],"product_cat":[76,127],"product_tag":[],"class_list":["post-4733","product","type-product","status-publish","has-post-thumbnail","hentry","product_cat-lotions-essence-toner","product_cat-skincare-coreenne"],"yoast_head":"<!-- This site is optimized with the Yoast SEO plugin v27.3 - https:\/\/yoast.com\/product\/yoast-seo-wordpress\/ -->\n<title>Numbuzin Glow super glowing essence - SkinBodyCare<\/title>\n<meta name=\"robots\" content=\"index, follow, max-snippet:-1, max-image-preview:large, max-video-preview:-1\" \/>\n<link rel=\"canonical\" href=\"https:\/\/skinbodycaree.com\/en\/product\/numbuzin-glow-super-glowing-essence\/\" \/>\n<meta property=\"og:locale\" content=\"en_US\" \/>\n<meta property=\"og:type\" content=\"article\" \/>\n<meta property=\"og:title\" content=\"Numbuzin Glow super glowing essence - SkinBodyCare\" \/>\n<meta property=\"og:description\" content=\"Compos\u00e9s de 50 types d&rsquo;ingr\u00e9dients ferment\u00e9s, le Numbuzin no.3 Super Glowing Toner Essence Toner am\u00e9liore l&rsquo;\u00e9clat, l&rsquo;\u00e9lasticit\u00e9 et l&rsquo;apparence de la peau. Pour ceux qui sont pr\u00e9occup\u00e9s par un teint terne ou par un manque de glow. Pour&nbsp;tous les types de peaux.\" \/>\n<meta property=\"og:url\" content=\"https:\/\/skinbodycaree.com\/en\/product\/numbuzin-glow-super-glowing-essence\/\" \/>\n<meta property=\"og:site_name\" content=\"SkinBodyCare\" \/>\n<meta property=\"article:modified_time\" content=\"2025-11-08T12:38:00+00:00\" \/>\n<meta property=\"og:image\" content=\"https:\/\/skinbodycaree.com\/wp-content\/uploads\/2024\/10\/img_1654.jpeg\" \/>\n\t<meta property=\"og:image:width\" content=\"1500\" \/>\n\t<meta property=\"og:image:height\" content=\"1500\" \/>\n\t<meta property=\"og:image:type\" content=\"image\/jpeg\" \/>\n<meta name=\"twitter:card\" content=\"summary_large_image\" \/>\n<script type=\"application\/ld+json\" class=\"yoast-schema-graph\">{\"@context\":\"https:\\\/\\\/schema.org\",\"@graph\":[{\"@type\":\"WebPage\",\"@id\":\"https:\\\/\\\/skinbodycaree.com\\\/produit\\\/numbuzin-glow-super-glowing-essence\\\/\",\"url\":\"https:\\\/\\\/skinbodycaree.com\\\/produit\\\/numbuzin-glow-super-glowing-essence\\\/\",\"name\":\"Numbuzin Glow super glowing essence - SkinBodyCare\",\"isPartOf\":{\"@id\":\"https:\\\/\\\/skinbodycaree.com\\\/#website\"},\"primaryImageOfPage\":{\"@id\":\"https:\\\/\\\/skinbodycaree.com\\\/produit\\\/numbuzin-glow-super-glowing-essence\\\/#primaryimage\"},\"image\":{\"@id\":\"https:\\\/\\\/skinbodycaree.com\\\/produit\\\/numbuzin-glow-super-glowing-essence\\\/#primaryimage\"},\"thumbnailUrl\":\"https:\\\/\\\/skinbodycaree.com\\\/wp-content\\\/uploads\\\/2024\\\/10\\\/img_1654.jpeg\",\"datePublished\":\"2024-10-17T11:09:58+00:00\",\"dateModified\":\"2025-11-08T12:38:00+00:00\",\"breadcrumb\":{\"@id\":\"https:\\\/\\\/skinbodycaree.com\\\/produit\\\/numbuzin-glow-super-glowing-essence\\\/#breadcrumb\"},\"inLanguage\":\"en-US\",\"potentialAction\":[{\"@type\":\"ReadAction\",\"target\":[\"https:\\\/\\\/skinbodycaree.com\\\/produit\\\/numbuzin-glow-super-glowing-essence\\\/\"]}]},{\"@type\":\"ImageObject\",\"inLanguage\":\"en-US\",\"@id\":\"https:\\\/\\\/skinbodycaree.com\\\/produit\\\/numbuzin-glow-super-glowing-essence\\\/#primaryimage\",\"url\":\"https:\\\/\\\/skinbodycaree.com\\\/wp-content\\\/uploads\\\/2024\\\/10\\\/img_1654.jpeg\",\"contentUrl\":\"https:\\\/\\\/skinbodycaree.com\\\/wp-content\\\/uploads\\\/2024\\\/10\\\/img_1654.jpeg\",\"width\":1500,\"height\":1500},{\"@type\":\"BreadcrumbList\",\"@id\":\"https:\\\/\\\/skinbodycaree.com\\\/produit\\\/numbuzin-glow-super-glowing-essence\\\/#breadcrumb\",\"itemListElement\":[{\"@type\":\"ListItem\",\"position\":1,\"name\":\"Accueil\",\"item\":\"https:\\\/\\\/skinbodycaree.com\\\/\"},{\"@type\":\"ListItem\",\"position\":2,\"name\":\"Boutique\",\"item\":\"https:\\\/\\\/skinbodycaree.com\\\/shop\\\/\"},{\"@type\":\"ListItem\",\"position\":3,\"name\":\"Numbuzin Glow super glowing essence\"}]},{\"@type\":\"WebSite\",\"@id\":\"https:\\\/\\\/skinbodycaree.com\\\/#website\",\"url\":\"https:\\\/\\\/skinbodycaree.com\\\/\",\"name\":\"SkinBodyCare\",\"description\":\"Because Your Skin Deserves Better\",\"potentialAction\":[{\"@type\":\"SearchAction\",\"target\":{\"@type\":\"EntryPoint\",\"urlTemplate\":\"https:\\\/\\\/skinbodycaree.com\\\/?s={search_term_string}\"},\"query-input\":{\"@type\":\"PropertyValueSpecification\",\"valueRequired\":true,\"valueName\":\"search_term_string\"}}],\"inLanguage\":\"en-US\"}]}<\/script>\n<!-- \/ Yoast SEO plugin. -->","yoast_head_json":{"title":"Numbuzin Glow super glowing essence - SkinBodyCare","robots":{"index":"index","follow":"follow","max-snippet":"max-snippet:-1","max-image-preview":"max-image-preview:large","max-video-preview":"max-video-preview:-1"},"canonical":"https:\/\/skinbodycaree.com\/en\/product\/numbuzin-glow-super-glowing-essence\/","og_locale":"en_US","og_type":"article","og_title":"Numbuzin Glow super glowing essence - SkinBodyCare","og_description":"Compos\u00e9s de 50 types d&rsquo;ingr\u00e9dients ferment\u00e9s, le Numbuzin no.3 Super Glowing Toner Essence Toner am\u00e9liore l&rsquo;\u00e9clat, l&rsquo;\u00e9lasticit\u00e9 et l&rsquo;apparence de la peau. Pour ceux qui sont pr\u00e9occup\u00e9s par un teint terne ou par un manque de glow. Pour&nbsp;tous les types de peaux.","og_url":"https:\/\/skinbodycaree.com\/en\/product\/numbuzin-glow-super-glowing-essence\/","og_site_name":"SkinBodyCare","article_modified_time":"2025-11-08T12:38:00+00:00","og_image":[{"width":1500,"height":1500,"url":"https:\/\/skinbodycaree.com\/wp-content\/uploads\/2024\/10\/img_1654.jpeg","type":"image\/jpeg"}],"twitter_card":"summary_large_image","schema":{"@context":"https:\/\/schema.org","@graph":[{"@type":"WebPage","@id":"https:\/\/skinbodycaree.com\/produit\/numbuzin-glow-super-glowing-essence\/","url":"https:\/\/skinbodycaree.com\/produit\/numbuzin-glow-super-glowing-essence\/","name":"Numbuzin Glow super glowing essence - SkinBodyCare","isPartOf":{"@id":"https:\/\/skinbodycaree.com\/#website"},"primaryImageOfPage":{"@id":"https:\/\/skinbodycaree.com\/produit\/numbuzin-glow-super-glowing-essence\/#primaryimage"},"image":{"@id":"https:\/\/skinbodycaree.com\/produit\/numbuzin-glow-super-glowing-essence\/#primaryimage"},"thumbnailUrl":"https:\/\/skinbodycaree.com\/wp-content\/uploads\/2024\/10\/img_1654.jpeg","datePublished":"2024-10-17T11:09:58+00:00","dateModified":"2025-11-08T12:38:00+00:00","breadcrumb":{"@id":"https:\/\/skinbodycaree.com\/produit\/numbuzin-glow-super-glowing-essence\/#breadcrumb"},"inLanguage":"en-US","potentialAction":[{"@type":"ReadAction","target":["https:\/\/skinbodycaree.com\/produit\/numbuzin-glow-super-glowing-essence\/"]}]},{"@type":"ImageObject","inLanguage":"en-US","@id":"https:\/\/skinbodycaree.com\/produit\/numbuzin-glow-super-glowing-essence\/#primaryimage","url":"https:\/\/skinbodycaree.com\/wp-content\/uploads\/2024\/10\/img_1654.jpeg","contentUrl":"https:\/\/skinbodycaree.com\/wp-content\/uploads\/2024\/10\/img_1654.jpeg","width":1500,"height":1500},{"@type":"BreadcrumbList","@id":"https:\/\/skinbodycaree.com\/produit\/numbuzin-glow-super-glowing-essence\/#breadcrumb","itemListElement":[{"@type":"ListItem","position":1,"name":"Accueil","item":"https:\/\/skinbodycaree.com\/"},{"@type":"ListItem","position":2,"name":"Boutique","item":"https:\/\/skinbodycaree.com\/shop\/"},{"@type":"ListItem","position":3,"name":"Numbuzin Glow super glowing essence"}]},{"@type":"WebSite","@id":"https:\/\/skinbodycaree.com\/#website","url":"https:\/\/skinbodycaree.com\/","name":"SkinBodyCare","description":"Because Your Skin Deserves Better","potentialAction":[{"@type":"SearchAction","target":{"@type":"EntryPoint","urlTemplate":"https:\/\/skinbodycaree.com\/?s={search_term_string}"},"query-input":{"@type":"PropertyValueSpecification","valueRequired":true,"valueName":"search_term_string"}}],"inLanguage":"en-US"}]}},"_links":{"self":[{"href":"https:\/\/skinbodycaree.com\/en\/wp-json\/wp\/v2\/product\/4733","targetHints":{"allow":["GET"]}}],"collection":[{"href":"https:\/\/skinbodycaree.com\/en\/wp-json\/wp\/v2\/product"}],"about":[{"href":"https:\/\/skinbodycaree.com\/en\/wp-json\/wp\/v2\/types\/product"}],"wp:featuredmedia":[{"embeddable":true,"href":"https:\/\/skinbodycaree.com\/en\/wp-json\/wp\/v2\/media\/4732"}],"wp:attachment":[{"href":"https:\/\/skinbodycaree.com\/en\/wp-json\/wp\/v2\/media?parent=4733"}],"wp:term":[{"taxonomy":"product_cat","embeddable":true,"href":"https:\/\/skinbodycaree.com\/en\/wp-json\/wp\/v2\/product_cat?post=4733"},{"taxonomy":"product_tag","embeddable":true,"href":"https:\/\/skinbodycaree.com\/en\/wp-json\/wp\/v2\/product_tag?post=4733"}],"curies":[{"name":"wp","href":"https:\/\/api.w.org\/{rel}","templated":true}]}}