{"id":4723,"date":"2024-10-16T21:15:35","date_gmt":"2024-10-16T21:15:35","guid":{"rendered":"https:\/\/skinbodycaree.com\/produit\/derma-b-huile-corps\/"},"modified":"2025-09-29T14:45:07","modified_gmt":"2025-09-29T14:45:07","slug":"derma-b-huile-corps","status":"publish","type":"product","link":"https:\/\/skinbodycaree.com\/en\/product\/derma-b-huile-corps\/","title":{"rendered":"Derma B Huile Corps"},"content":{"rendered":"<p>L&#8217;huile Derma:B Intensive Barrier Multi est formul\u00e9e avec 10 types d&#8217;huiles naturelles et un complexe de c\u00e9ramide pour hydrater, adoucir et renforcer la peau. La formule de barri\u00e8re cutan\u00e9e MLE p\u00e9n\u00e8tre rapidement dans la peau et distribue efficacement les ingr\u00e9dients hydratants pour r\u00e9tablir l&#8217;\u00e9quilibre de la peau. Avec un parfum de floral et de musc.<\/p>\n<p>Les ingr\u00e9dients que nous aimons<\/p>\n<p>Huile de tournesol : Une huile \u00e9molliente riche en acides gras tels que les acides linol\u00e9iques et ol\u00e9iques qui n&#8217;est pas com\u00e9dog\u00e8ne, ce qui en fait une huile adapt\u00e9e \u00e0 tous les types de peau<\/p>\n<p>Huile de p\u00e9pins de raisin : Une huile \u00e0 base de plantes qui rend la peau douce et souple. Une riche source de polyph\u00e9nols, d&#8217;acides gras r\u00e9parant les barri\u00e8res et de vitamine E, pour une protection efficace de la peau.<\/p>\n<p>Beurre de karit\u00e9 : Un \u00e9mollient qui hydrate intens\u00e9ment la peau. A un effet r\u00e9g\u00e9n\u00e9rant et apaisant sur la peau et est riche en antioxydants.<\/p>","protected":false},"excerpt":{"rendered":"<p>L&#8217;huile Derma:B Intensive Barrier Multi est formul\u00e9e avec 10 types d&#8217;huiles naturelles et un complexe de c\u00e9ramide pour hydrater, adoucir et renforcer la peau. La formule de barri\u00e8re cutan\u00e9e MLE p\u00e9n\u00e8tre rapidement dans la peau et distribue efficacement les ingr\u00e9dients hydratants pour r\u00e9tablir l&#8217;\u00e9quilibre de la peau. Avec un parfum de floral et de musc.<\/p>\n<div class=\"klb-readmore entry-button\"><a class=\"button light alt medium\" href=\"https:\/\/skinbodycaree.com\/en\/product\/derma-b-huile-corps\/\">Read More<\/a><\/div>","protected":false},"featured_media":4722,"template":"","meta":[],"pwb-brand":[],"product_cat":[79,127],"product_tag":[],"class_list":["post-4723","product","type-product","status-publish","has-post-thumbnail","hentry","product_cat-hydratants-corps","product_cat-skincare-coreenne"],"yoast_head":"<!-- This site is optimized with the Yoast SEO plugin v21.6 - https:\/\/yoast.com\/wordpress\/plugins\/seo\/ -->\n<title>Derma B Huile Corps - SkinBodyCare<\/title>\n<meta name=\"robots\" content=\"index, follow, max-snippet:-1, max-image-preview:large, max-video-preview:-1\" \/>\n<link rel=\"canonical\" href=\"https:\/\/skinbodycaree.com\/en\/product\/derma-b-huile-corps\/\" \/>\n<meta property=\"og:locale\" content=\"en_US\" \/>\n<meta property=\"og:type\" content=\"article\" \/>\n<meta property=\"og:title\" content=\"Derma B Huile Corps - SkinBodyCare\" \/>\n<meta property=\"og:description\" content=\"L&#8217;huile Derma:B Intensive Barrier Multi est formul\u00e9e avec 10 types d&#8217;huiles naturelles et un complexe de c\u00e9ramide pour hydrater, adoucir et renforcer la peau. La formule de barri\u00e8re cutan\u00e9e MLE p\u00e9n\u00e8tre rapidement dans la peau et distribue efficacement les ingr\u00e9dients hydratants pour r\u00e9tablir l&#8217;\u00e9quilibre de la peau. Avec un parfum de floral et de musc.Read More\" \/>\n<meta property=\"og:url\" content=\"https:\/\/skinbodycaree.com\/en\/product\/derma-b-huile-corps\/\" \/>\n<meta property=\"og:site_name\" content=\"SkinBodyCare\" \/>\n<meta property=\"article:modified_time\" content=\"2025-09-29T14:45:07+00:00\" \/>\n<meta property=\"og:image\" content=\"https:\/\/skinbodycaree.com\/wp-content\/uploads\/2024\/10\/img_1638.jpeg\" \/>\n\t<meta property=\"og:image:width\" content=\"1601\" \/>\n\t<meta property=\"og:image:height\" content=\"1601\" \/>\n\t<meta property=\"og:image:type\" content=\"image\/jpeg\" \/>\n<meta name=\"twitter:card\" content=\"summary_large_image\" \/>\n<meta name=\"twitter:label1\" content=\"Est. reading time\" \/>\n\t<meta name=\"twitter:data1\" content=\"1 minute\" \/>\n<script type=\"application\/ld+json\" class=\"yoast-schema-graph\">{\"@context\":\"https:\/\/schema.org\",\"@graph\":[{\"@type\":\"WebPage\",\"@id\":\"https:\/\/skinbodycaree.com\/produit\/derma-b-huile-corps\/\",\"url\":\"https:\/\/skinbodycaree.com\/produit\/derma-b-huile-corps\/\",\"name\":\"Derma B Huile Corps - SkinBodyCare\",\"isPartOf\":{\"@id\":\"https:\/\/skinbodycaree.com\/#website\"},\"datePublished\":\"2024-10-16T21:15:35+00:00\",\"dateModified\":\"2025-09-29T14:45:07+00:00\",\"breadcrumb\":{\"@id\":\"https:\/\/skinbodycaree.com\/produit\/derma-b-huile-corps\/#breadcrumb\"},\"inLanguage\":\"en-US\",\"potentialAction\":[{\"@type\":\"ReadAction\",\"target\":[\"https:\/\/skinbodycaree.com\/produit\/derma-b-huile-corps\/\"]}]},{\"@type\":\"BreadcrumbList\",\"@id\":\"https:\/\/skinbodycaree.com\/produit\/derma-b-huile-corps\/#breadcrumb\",\"itemListElement\":[{\"@type\":\"ListItem\",\"position\":1,\"name\":\"Accueil\",\"item\":\"https:\/\/skinbodycaree.com\/\"},{\"@type\":\"ListItem\",\"position\":2,\"name\":\"Boutique\",\"item\":\"https:\/\/skinbodycaree.com\/shop\/\"},{\"@type\":\"ListItem\",\"position\":3,\"name\":\"Derma B Huile Corps\"}]},{\"@type\":\"WebSite\",\"@id\":\"https:\/\/skinbodycaree.com\/#website\",\"url\":\"https:\/\/skinbodycaree.com\/\",\"name\":\"SkinBodyCare\",\"description\":\"Because Your Skin Deserves Better\",\"potentialAction\":[{\"@type\":\"SearchAction\",\"target\":{\"@type\":\"EntryPoint\",\"urlTemplate\":\"https:\/\/skinbodycaree.com\/?s={search_term_string}\"},\"query-input\":\"required name=search_term_string\"}],\"inLanguage\":\"en-US\"}]}<\/script>\n<!-- \/ Yoast SEO plugin. -->","yoast_head_json":{"title":"Derma B Huile Corps - SkinBodyCare","robots":{"index":"index","follow":"follow","max-snippet":"max-snippet:-1","max-image-preview":"max-image-preview:large","max-video-preview":"max-video-preview:-1"},"canonical":"https:\/\/skinbodycaree.com\/en\/product\/derma-b-huile-corps\/","og_locale":"en_US","og_type":"article","og_title":"Derma B Huile Corps - SkinBodyCare","og_description":"L&#8217;huile Derma:B Intensive Barrier Multi est formul\u00e9e avec 10 types d&#8217;huiles naturelles et un complexe de c\u00e9ramide pour hydrater, adoucir et renforcer la peau. La formule de barri\u00e8re cutan\u00e9e MLE p\u00e9n\u00e8tre rapidement dans la peau et distribue efficacement les ingr\u00e9dients hydratants pour r\u00e9tablir l&#8217;\u00e9quilibre de la peau. Avec un parfum de floral et de musc.Read More","og_url":"https:\/\/skinbodycaree.com\/en\/product\/derma-b-huile-corps\/","og_site_name":"SkinBodyCare","article_modified_time":"2025-09-29T14:45:07+00:00","og_image":[{"width":1601,"height":1601,"url":"https:\/\/skinbodycaree.com\/wp-content\/uploads\/2024\/10\/img_1638.jpeg","type":"image\/jpeg"}],"twitter_card":"summary_large_image","twitter_misc":{"Est. reading time":"1 minute"},"schema":{"@context":"https:\/\/schema.org","@graph":[{"@type":"WebPage","@id":"https:\/\/skinbodycaree.com\/produit\/derma-b-huile-corps\/","url":"https:\/\/skinbodycaree.com\/produit\/derma-b-huile-corps\/","name":"Derma B Huile Corps - SkinBodyCare","isPartOf":{"@id":"https:\/\/skinbodycaree.com\/#website"},"datePublished":"2024-10-16T21:15:35+00:00","dateModified":"2025-09-29T14:45:07+00:00","breadcrumb":{"@id":"https:\/\/skinbodycaree.com\/produit\/derma-b-huile-corps\/#breadcrumb"},"inLanguage":"en-US","potentialAction":[{"@type":"ReadAction","target":["https:\/\/skinbodycaree.com\/produit\/derma-b-huile-corps\/"]}]},{"@type":"BreadcrumbList","@id":"https:\/\/skinbodycaree.com\/produit\/derma-b-huile-corps\/#breadcrumb","itemListElement":[{"@type":"ListItem","position":1,"name":"Accueil","item":"https:\/\/skinbodycaree.com\/"},{"@type":"ListItem","position":2,"name":"Boutique","item":"https:\/\/skinbodycaree.com\/shop\/"},{"@type":"ListItem","position":3,"name":"Derma B Huile Corps"}]},{"@type":"WebSite","@id":"https:\/\/skinbodycaree.com\/#website","url":"https:\/\/skinbodycaree.com\/","name":"SkinBodyCare","description":"Because Your Skin Deserves Better","potentialAction":[{"@type":"SearchAction","target":{"@type":"EntryPoint","urlTemplate":"https:\/\/skinbodycaree.com\/?s={search_term_string}"},"query-input":"required name=search_term_string"}],"inLanguage":"en-US"}]}},"brands":[],"_links":{"self":[{"href":"https:\/\/skinbodycaree.com\/en\/wp-json\/wp\/v2\/product\/4723","targetHints":{"allow":["GET"]}}],"collection":[{"href":"https:\/\/skinbodycaree.com\/en\/wp-json\/wp\/v2\/product"}],"about":[{"href":"https:\/\/skinbodycaree.com\/en\/wp-json\/wp\/v2\/types\/product"}],"wp:featuredmedia":[{"embeddable":true,"href":"https:\/\/skinbodycaree.com\/en\/wp-json\/wp\/v2\/media\/4722"}],"wp:attachment":[{"href":"https:\/\/skinbodycaree.com\/en\/wp-json\/wp\/v2\/media?parent=4723"}],"wp:term":[{"taxonomy":"pwb-brand","embeddable":true,"href":"https:\/\/skinbodycaree.com\/en\/wp-json\/wp\/v2\/pwb-brand?post=4723"},{"taxonomy":"product_cat","embeddable":true,"href":"https:\/\/skinbodycaree.com\/en\/wp-json\/wp\/v2\/product_cat?post=4723"},{"taxonomy":"product_tag","embeddable":true,"href":"https:\/\/skinbodycaree.com\/en\/wp-json\/wp\/v2\/product_tag?post=4723"}],"curies":[{"name":"wp","href":"https:\/\/api.w.org\/{rel}","templated":true}]}}