{"id":4540,"date":"2024-08-30T14:28:07","date_gmt":"2024-08-30T14:28:07","guid":{"rendered":"https:\/\/skinbodycaree.com\/produit\/amlactin-body-lotion\/"},"modified":"2026-02-09T13:05:42","modified_gmt":"2026-02-09T13:05:42","slug":"amlactin-body-lotion","status":"publish","type":"product","link":"https:\/\/skinbodycaree.com\/en\/product\/amlactin-body-lotion\/","title":{"rendered":"Amlactin body lotion"},"content":{"rendered":"<p>Enrichissez votre peau tous les jours avec cette lotion exfoliante aliment\u00e9e par de l&rsquo;acide lactique \u00e0 12 % cliniquement prouv\u00e9.<\/p>\n<p>Hydrate imm\u00e9diatement et restaure l&rsquo;\u00e9clat de la peau<\/p>\n<p>Exfolie en douceur, hydrate en profondeur<\/p>\n<p>Hydratation non grasse et longue dur\u00e9e<\/p>\n<p>Formul\u00e9 avec du lactate d&rsquo;ammonium, \u00e9quivalent \u00e0 12 % d&rsquo;acide lactique<\/p>\n<p>Formul\u00e9 sans parfum, parab\u00e8nes ou phtalates<\/p>\n<p>Bien agiter. Appliquer 2 fois par jour ou selon les directives d&rsquo;un m\u00e9decin. Une l\u00e9g\u00e8re piq\u00fbre ou une irritation peut survenir sur une peau sensible ou cass\u00e9e. Si cela persiste, arr\u00eatez l&rsquo;utilisation.<\/p>","protected":false},"excerpt":{"rendered":"<p>Enrichissez votre peau tous les jours avec cette lotion exfoliante aliment\u00e9e par de l&rsquo;acide lactique \u00e0 12 % cliniquement prouv\u00e9. Hydrate imm\u00e9diatement et restaure l&rsquo;\u00e9clat de la peau Exfolie en douceur, hydrate en profondeur Hydratation non grasse et longue dur\u00e9e Formul\u00e9 avec du lactate d&rsquo;ammonium, \u00e9quivalent \u00e0 12 % d&rsquo;acide lactique Formul\u00e9 sans parfum, parab\u00e8nes<\/p>\n<div class=\"klb-readmore entry-button\"><a class=\"button light alt medium\" href=\"https:\/\/skinbodycaree.com\/en\/product\/amlactin-body-lotion\/\">Read More<\/a><\/div>","protected":false},"featured_media":4539,"template":"","meta":[],"product_cat":[15],"product_tag":[],"class_list":["post-4540","product","type-product","status-publish","has-post-thumbnail","hentry","product_cat-tout"],"yoast_head":"<!-- This site is optimized with the Yoast SEO plugin v27.3 - https:\/\/yoast.com\/product\/yoast-seo-wordpress\/ -->\n<title>Amlactin body lotion - SkinBodyCare<\/title>\n<meta name=\"robots\" content=\"index, follow, max-snippet:-1, max-image-preview:large, max-video-preview:-1\" \/>\n<link rel=\"canonical\" href=\"https:\/\/skinbodycaree.com\/en\/product\/amlactin-body-lotion\/\" \/>\n<meta property=\"og:locale\" content=\"en_US\" \/>\n<meta property=\"og:type\" content=\"article\" \/>\n<meta property=\"og:title\" content=\"Amlactin body lotion - SkinBodyCare\" \/>\n<meta property=\"og:description\" content=\"Enrichissez votre peau tous les jours avec cette lotion exfoliante aliment\u00e9e par de l&rsquo;acide lactique \u00e0 12 % cliniquement prouv\u00e9. Hydrate imm\u00e9diatement et restaure l&rsquo;\u00e9clat de la peau Exfolie en douceur, hydrate en profondeur Hydratation non grasse et longue dur\u00e9e Formul\u00e9 avec du lactate d&rsquo;ammonium, \u00e9quivalent \u00e0 12 % d&rsquo;acide lactique Formul\u00e9 sans parfum, parab\u00e8nesRead More\" \/>\n<meta property=\"og:url\" content=\"https:\/\/skinbodycaree.com\/en\/product\/amlactin-body-lotion\/\" \/>\n<meta property=\"og:site_name\" content=\"SkinBodyCare\" \/>\n<meta property=\"article:modified_time\" content=\"2026-02-09T13:05:42+00:00\" \/>\n<meta property=\"og:image\" content=\"https:\/\/skinbodycaree.com\/wp-content\/uploads\/2024\/08\/img_8717.jpeg\" \/>\n\t<meta property=\"og:image:width\" content=\"997\" \/>\n\t<meta property=\"og:image:height\" content=\"1500\" \/>\n\t<meta property=\"og:image:type\" content=\"image\/jpeg\" \/>\n<meta name=\"twitter:card\" content=\"summary_large_image\" \/>\n<script type=\"application\/ld+json\" class=\"yoast-schema-graph\">{\"@context\":\"https:\\\/\\\/schema.org\",\"@graph\":[{\"@type\":\"WebPage\",\"@id\":\"https:\\\/\\\/skinbodycaree.com\\\/produit\\\/amlactin-body-lotion\\\/\",\"url\":\"https:\\\/\\\/skinbodycaree.com\\\/produit\\\/amlactin-body-lotion\\\/\",\"name\":\"Amlactin body lotion - SkinBodyCare\",\"isPartOf\":{\"@id\":\"https:\\\/\\\/skinbodycaree.com\\\/#website\"},\"primaryImageOfPage\":{\"@id\":\"https:\\\/\\\/skinbodycaree.com\\\/produit\\\/amlactin-body-lotion\\\/#primaryimage\"},\"image\":{\"@id\":\"https:\\\/\\\/skinbodycaree.com\\\/produit\\\/amlactin-body-lotion\\\/#primaryimage\"},\"thumbnailUrl\":\"https:\\\/\\\/skinbodycaree.com\\\/wp-content\\\/uploads\\\/2024\\\/08\\\/img_8717.jpeg\",\"datePublished\":\"2024-08-30T14:28:07+00:00\",\"dateModified\":\"2026-02-09T13:05:42+00:00\",\"breadcrumb\":{\"@id\":\"https:\\\/\\\/skinbodycaree.com\\\/produit\\\/amlactin-body-lotion\\\/#breadcrumb\"},\"inLanguage\":\"en-US\",\"potentialAction\":[{\"@type\":\"ReadAction\",\"target\":[\"https:\\\/\\\/skinbodycaree.com\\\/produit\\\/amlactin-body-lotion\\\/\"]}]},{\"@type\":\"ImageObject\",\"inLanguage\":\"en-US\",\"@id\":\"https:\\\/\\\/skinbodycaree.com\\\/produit\\\/amlactin-body-lotion\\\/#primaryimage\",\"url\":\"https:\\\/\\\/skinbodycaree.com\\\/wp-content\\\/uploads\\\/2024\\\/08\\\/img_8717.jpeg\",\"contentUrl\":\"https:\\\/\\\/skinbodycaree.com\\\/wp-content\\\/uploads\\\/2024\\\/08\\\/img_8717.jpeg\",\"width\":997,\"height\":1500},{\"@type\":\"BreadcrumbList\",\"@id\":\"https:\\\/\\\/skinbodycaree.com\\\/produit\\\/amlactin-body-lotion\\\/#breadcrumb\",\"itemListElement\":[{\"@type\":\"ListItem\",\"position\":1,\"name\":\"Accueil\",\"item\":\"https:\\\/\\\/skinbodycaree.com\\\/\"},{\"@type\":\"ListItem\",\"position\":2,\"name\":\"Boutique\",\"item\":\"https:\\\/\\\/skinbodycaree.com\\\/shop\\\/\"},{\"@type\":\"ListItem\",\"position\":3,\"name\":\"Amlactin body lotion\"}]},{\"@type\":\"WebSite\",\"@id\":\"https:\\\/\\\/skinbodycaree.com\\\/#website\",\"url\":\"https:\\\/\\\/skinbodycaree.com\\\/\",\"name\":\"SkinBodyCare\",\"description\":\"Because Your Skin Deserves Better\",\"potentialAction\":[{\"@type\":\"SearchAction\",\"target\":{\"@type\":\"EntryPoint\",\"urlTemplate\":\"https:\\\/\\\/skinbodycaree.com\\\/?s={search_term_string}\"},\"query-input\":{\"@type\":\"PropertyValueSpecification\",\"valueRequired\":true,\"valueName\":\"search_term_string\"}}],\"inLanguage\":\"en-US\"}]}<\/script>\n<!-- \/ Yoast SEO plugin. -->","yoast_head_json":{"title":"Amlactin body lotion - SkinBodyCare","robots":{"index":"index","follow":"follow","max-snippet":"max-snippet:-1","max-image-preview":"max-image-preview:large","max-video-preview":"max-video-preview:-1"},"canonical":"https:\/\/skinbodycaree.com\/en\/product\/amlactin-body-lotion\/","og_locale":"en_US","og_type":"article","og_title":"Amlactin body lotion - SkinBodyCare","og_description":"Enrichissez votre peau tous les jours avec cette lotion exfoliante aliment\u00e9e par de l&rsquo;acide lactique \u00e0 12 % cliniquement prouv\u00e9. Hydrate imm\u00e9diatement et restaure l&rsquo;\u00e9clat de la peau Exfolie en douceur, hydrate en profondeur Hydratation non grasse et longue dur\u00e9e Formul\u00e9 avec du lactate d&rsquo;ammonium, \u00e9quivalent \u00e0 12 % d&rsquo;acide lactique Formul\u00e9 sans parfum, parab\u00e8nesRead More","og_url":"https:\/\/skinbodycaree.com\/en\/product\/amlactin-body-lotion\/","og_site_name":"SkinBodyCare","article_modified_time":"2026-02-09T13:05:42+00:00","og_image":[{"width":997,"height":1500,"url":"https:\/\/skinbodycaree.com\/wp-content\/uploads\/2024\/08\/img_8717.jpeg","type":"image\/jpeg"}],"twitter_card":"summary_large_image","schema":{"@context":"https:\/\/schema.org","@graph":[{"@type":"WebPage","@id":"https:\/\/skinbodycaree.com\/produit\/amlactin-body-lotion\/","url":"https:\/\/skinbodycaree.com\/produit\/amlactin-body-lotion\/","name":"Amlactin body lotion - SkinBodyCare","isPartOf":{"@id":"https:\/\/skinbodycaree.com\/#website"},"primaryImageOfPage":{"@id":"https:\/\/skinbodycaree.com\/produit\/amlactin-body-lotion\/#primaryimage"},"image":{"@id":"https:\/\/skinbodycaree.com\/produit\/amlactin-body-lotion\/#primaryimage"},"thumbnailUrl":"https:\/\/skinbodycaree.com\/wp-content\/uploads\/2024\/08\/img_8717.jpeg","datePublished":"2024-08-30T14:28:07+00:00","dateModified":"2026-02-09T13:05:42+00:00","breadcrumb":{"@id":"https:\/\/skinbodycaree.com\/produit\/amlactin-body-lotion\/#breadcrumb"},"inLanguage":"en-US","potentialAction":[{"@type":"ReadAction","target":["https:\/\/skinbodycaree.com\/produit\/amlactin-body-lotion\/"]}]},{"@type":"ImageObject","inLanguage":"en-US","@id":"https:\/\/skinbodycaree.com\/produit\/amlactin-body-lotion\/#primaryimage","url":"https:\/\/skinbodycaree.com\/wp-content\/uploads\/2024\/08\/img_8717.jpeg","contentUrl":"https:\/\/skinbodycaree.com\/wp-content\/uploads\/2024\/08\/img_8717.jpeg","width":997,"height":1500},{"@type":"BreadcrumbList","@id":"https:\/\/skinbodycaree.com\/produit\/amlactin-body-lotion\/#breadcrumb","itemListElement":[{"@type":"ListItem","position":1,"name":"Accueil","item":"https:\/\/skinbodycaree.com\/"},{"@type":"ListItem","position":2,"name":"Boutique","item":"https:\/\/skinbodycaree.com\/shop\/"},{"@type":"ListItem","position":3,"name":"Amlactin body lotion"}]},{"@type":"WebSite","@id":"https:\/\/skinbodycaree.com\/#website","url":"https:\/\/skinbodycaree.com\/","name":"SkinBodyCare","description":"Because Your Skin Deserves Better","potentialAction":[{"@type":"SearchAction","target":{"@type":"EntryPoint","urlTemplate":"https:\/\/skinbodycaree.com\/?s={search_term_string}"},"query-input":{"@type":"PropertyValueSpecification","valueRequired":true,"valueName":"search_term_string"}}],"inLanguage":"en-US"}]}},"_links":{"self":[{"href":"https:\/\/skinbodycaree.com\/en\/wp-json\/wp\/v2\/product\/4540","targetHints":{"allow":["GET"]}}],"collection":[{"href":"https:\/\/skinbodycaree.com\/en\/wp-json\/wp\/v2\/product"}],"about":[{"href":"https:\/\/skinbodycaree.com\/en\/wp-json\/wp\/v2\/types\/product"}],"wp:featuredmedia":[{"embeddable":true,"href":"https:\/\/skinbodycaree.com\/en\/wp-json\/wp\/v2\/media\/4539"}],"wp:attachment":[{"href":"https:\/\/skinbodycaree.com\/en\/wp-json\/wp\/v2\/media?parent=4540"}],"wp:term":[{"taxonomy":"product_cat","embeddable":true,"href":"https:\/\/skinbodycaree.com\/en\/wp-json\/wp\/v2\/product_cat?post=4540"},{"taxonomy":"product_tag","embeddable":true,"href":"https:\/\/skinbodycaree.com\/en\/wp-json\/wp\/v2\/product_tag?post=4540"}],"curies":[{"name":"wp","href":"https:\/\/api.w.org\/{rel}","templated":true}]}}