{"id":4494,"date":"2024-08-22T16:57:38","date_gmt":"2024-08-22T16:57:38","guid":{"rendered":"https:\/\/skinbodycaree.com\/produit\/aplb-lotion-corps\/"},"modified":"2026-02-09T13:06:13","modified_gmt":"2026-02-09T13:06:13","slug":"aplb-lotion-corps","status":"publish","type":"product","link":"https:\/\/skinbodycaree.com\/en\/product\/aplb-lotion-corps\/","title":{"rendered":"APLB lotion corps"},"content":{"rendered":"<p>M\u00e9lang\u00e9e au glutathion, \u00e0 la niacinamide et \u00e0 trois types d&rsquo;extrait de centella asiatica, cette lotion pour le corps offre des effets hydratants et apaisants sans provoquer d&rsquo;irritation. Sa texture laiteuse et lisse s&rsquo;absorbe rapidement dans la peau sans laisser de r\u00e9sidus collants. Sans dix ingr\u00e9dients potentiellement irritants, y compris le parfum artificiel, l&rsquo;huile min\u00e9rale, le parab\u00e8ne et le silicone.<\/p>","protected":false},"excerpt":{"rendered":"<p>M\u00e9lang\u00e9e au glutathion, \u00e0 la niacinamide et \u00e0 trois types d&rsquo;extrait de centella asiatica, cette lotion pour le corps offre des effets hydratants et apaisants sans provoquer d&rsquo;irritation. Sa texture laiteuse et lisse s&rsquo;absorbe rapidement dans la peau sans laisser de r\u00e9sidus collants. Sans dix ingr\u00e9dients potentiellement irritants, y compris le parfum artificiel, l&rsquo;huile min\u00e9rale,<\/p>\n<div class=\"klb-readmore entry-button\"><a class=\"button light alt medium\" href=\"https:\/\/skinbodycaree.com\/en\/product\/aplb-lotion-corps\/\">Read More<\/a><\/div>","protected":false},"featured_media":4493,"template":"","meta":[],"product_cat":[15],"product_tag":[],"class_list":["post-4494","product","type-product","status-publish","has-post-thumbnail","hentry","product_cat-tout"],"yoast_head":"<!-- This site is optimized with the Yoast SEO plugin v27.3 - https:\/\/yoast.com\/product\/yoast-seo-wordpress\/ -->\n<title>APLB lotion corps - SkinBodyCare<\/title>\n<meta name=\"robots\" content=\"index, follow, max-snippet:-1, max-image-preview:large, max-video-preview:-1\" \/>\n<link rel=\"canonical\" href=\"https:\/\/skinbodycaree.com\/en\/product\/aplb-lotion-corps\/\" \/>\n<meta property=\"og:locale\" content=\"en_US\" \/>\n<meta property=\"og:type\" content=\"article\" \/>\n<meta property=\"og:title\" content=\"APLB lotion corps - SkinBodyCare\" \/>\n<meta property=\"og:description\" content=\"M\u00e9lang\u00e9e au glutathion, \u00e0 la niacinamide et \u00e0 trois types d&rsquo;extrait de centella asiatica, cette lotion pour le corps offre des effets hydratants et apaisants sans provoquer d&rsquo;irritation. Sa texture laiteuse et lisse s&rsquo;absorbe rapidement dans la peau sans laisser de r\u00e9sidus collants. Sans dix ingr\u00e9dients potentiellement irritants, y compris le parfum artificiel, l&rsquo;huile min\u00e9rale,Read More\" \/>\n<meta property=\"og:url\" content=\"https:\/\/skinbodycaree.com\/en\/product\/aplb-lotion-corps\/\" \/>\n<meta property=\"og:site_name\" content=\"SkinBodyCare\" \/>\n<meta property=\"article:modified_time\" content=\"2026-02-09T13:06:13+00:00\" \/>\n<meta property=\"og:image\" content=\"https:\/\/skinbodycaree.com\/wp-content\/uploads\/2024\/08\/img_8300.jpeg\" \/>\n\t<meta property=\"og:image:width\" content=\"776\" \/>\n\t<meta property=\"og:image:height\" content=\"1000\" \/>\n\t<meta property=\"og:image:type\" content=\"image\/jpeg\" \/>\n<meta name=\"twitter:card\" content=\"summary_large_image\" \/>\n<script type=\"application\/ld+json\" class=\"yoast-schema-graph\">{\"@context\":\"https:\\\/\\\/schema.org\",\"@graph\":[{\"@type\":\"WebPage\",\"@id\":\"https:\\\/\\\/skinbodycaree.com\\\/produit\\\/aplb-lotion-corps\\\/\",\"url\":\"https:\\\/\\\/skinbodycaree.com\\\/produit\\\/aplb-lotion-corps\\\/\",\"name\":\"APLB lotion corps - SkinBodyCare\",\"isPartOf\":{\"@id\":\"https:\\\/\\\/skinbodycaree.com\\\/#website\"},\"primaryImageOfPage\":{\"@id\":\"https:\\\/\\\/skinbodycaree.com\\\/produit\\\/aplb-lotion-corps\\\/#primaryimage\"},\"image\":{\"@id\":\"https:\\\/\\\/skinbodycaree.com\\\/produit\\\/aplb-lotion-corps\\\/#primaryimage\"},\"thumbnailUrl\":\"https:\\\/\\\/skinbodycaree.com\\\/wp-content\\\/uploads\\\/2024\\\/08\\\/img_8300.jpeg\",\"datePublished\":\"2024-08-22T16:57:38+00:00\",\"dateModified\":\"2026-02-09T13:06:13+00:00\",\"breadcrumb\":{\"@id\":\"https:\\\/\\\/skinbodycaree.com\\\/produit\\\/aplb-lotion-corps\\\/#breadcrumb\"},\"inLanguage\":\"en-US\",\"potentialAction\":[{\"@type\":\"ReadAction\",\"target\":[\"https:\\\/\\\/skinbodycaree.com\\\/produit\\\/aplb-lotion-corps\\\/\"]}]},{\"@type\":\"ImageObject\",\"inLanguage\":\"en-US\",\"@id\":\"https:\\\/\\\/skinbodycaree.com\\\/produit\\\/aplb-lotion-corps\\\/#primaryimage\",\"url\":\"https:\\\/\\\/skinbodycaree.com\\\/wp-content\\\/uploads\\\/2024\\\/08\\\/img_8300.jpeg\",\"contentUrl\":\"https:\\\/\\\/skinbodycaree.com\\\/wp-content\\\/uploads\\\/2024\\\/08\\\/img_8300.jpeg\",\"width\":776,\"height\":1000},{\"@type\":\"BreadcrumbList\",\"@id\":\"https:\\\/\\\/skinbodycaree.com\\\/produit\\\/aplb-lotion-corps\\\/#breadcrumb\",\"itemListElement\":[{\"@type\":\"ListItem\",\"position\":1,\"name\":\"Accueil\",\"item\":\"https:\\\/\\\/skinbodycaree.com\\\/\"},{\"@type\":\"ListItem\",\"position\":2,\"name\":\"Boutique\",\"item\":\"https:\\\/\\\/skinbodycaree.com\\\/shop\\\/\"},{\"@type\":\"ListItem\",\"position\":3,\"name\":\"APLB lotion corps\"}]},{\"@type\":\"WebSite\",\"@id\":\"https:\\\/\\\/skinbodycaree.com\\\/#website\",\"url\":\"https:\\\/\\\/skinbodycaree.com\\\/\",\"name\":\"SkinBodyCare\",\"description\":\"Because Your Skin Deserves Better\",\"potentialAction\":[{\"@type\":\"SearchAction\",\"target\":{\"@type\":\"EntryPoint\",\"urlTemplate\":\"https:\\\/\\\/skinbodycaree.com\\\/?s={search_term_string}\"},\"query-input\":{\"@type\":\"PropertyValueSpecification\",\"valueRequired\":true,\"valueName\":\"search_term_string\"}}],\"inLanguage\":\"en-US\"}]}<\/script>\n<!-- \/ Yoast SEO plugin. -->","yoast_head_json":{"title":"APLB lotion corps - SkinBodyCare","robots":{"index":"index","follow":"follow","max-snippet":"max-snippet:-1","max-image-preview":"max-image-preview:large","max-video-preview":"max-video-preview:-1"},"canonical":"https:\/\/skinbodycaree.com\/en\/product\/aplb-lotion-corps\/","og_locale":"en_US","og_type":"article","og_title":"APLB lotion corps - SkinBodyCare","og_description":"M\u00e9lang\u00e9e au glutathion, \u00e0 la niacinamide et \u00e0 trois types d&rsquo;extrait de centella asiatica, cette lotion pour le corps offre des effets hydratants et apaisants sans provoquer d&rsquo;irritation. Sa texture laiteuse et lisse s&rsquo;absorbe rapidement dans la peau sans laisser de r\u00e9sidus collants. Sans dix ingr\u00e9dients potentiellement irritants, y compris le parfum artificiel, l&rsquo;huile min\u00e9rale,Read More","og_url":"https:\/\/skinbodycaree.com\/en\/product\/aplb-lotion-corps\/","og_site_name":"SkinBodyCare","article_modified_time":"2026-02-09T13:06:13+00:00","og_image":[{"width":776,"height":1000,"url":"https:\/\/skinbodycaree.com\/wp-content\/uploads\/2024\/08\/img_8300.jpeg","type":"image\/jpeg"}],"twitter_card":"summary_large_image","schema":{"@context":"https:\/\/schema.org","@graph":[{"@type":"WebPage","@id":"https:\/\/skinbodycaree.com\/produit\/aplb-lotion-corps\/","url":"https:\/\/skinbodycaree.com\/produit\/aplb-lotion-corps\/","name":"APLB lotion corps - SkinBodyCare","isPartOf":{"@id":"https:\/\/skinbodycaree.com\/#website"},"primaryImageOfPage":{"@id":"https:\/\/skinbodycaree.com\/produit\/aplb-lotion-corps\/#primaryimage"},"image":{"@id":"https:\/\/skinbodycaree.com\/produit\/aplb-lotion-corps\/#primaryimage"},"thumbnailUrl":"https:\/\/skinbodycaree.com\/wp-content\/uploads\/2024\/08\/img_8300.jpeg","datePublished":"2024-08-22T16:57:38+00:00","dateModified":"2026-02-09T13:06:13+00:00","breadcrumb":{"@id":"https:\/\/skinbodycaree.com\/produit\/aplb-lotion-corps\/#breadcrumb"},"inLanguage":"en-US","potentialAction":[{"@type":"ReadAction","target":["https:\/\/skinbodycaree.com\/produit\/aplb-lotion-corps\/"]}]},{"@type":"ImageObject","inLanguage":"en-US","@id":"https:\/\/skinbodycaree.com\/produit\/aplb-lotion-corps\/#primaryimage","url":"https:\/\/skinbodycaree.com\/wp-content\/uploads\/2024\/08\/img_8300.jpeg","contentUrl":"https:\/\/skinbodycaree.com\/wp-content\/uploads\/2024\/08\/img_8300.jpeg","width":776,"height":1000},{"@type":"BreadcrumbList","@id":"https:\/\/skinbodycaree.com\/produit\/aplb-lotion-corps\/#breadcrumb","itemListElement":[{"@type":"ListItem","position":1,"name":"Accueil","item":"https:\/\/skinbodycaree.com\/"},{"@type":"ListItem","position":2,"name":"Boutique","item":"https:\/\/skinbodycaree.com\/shop\/"},{"@type":"ListItem","position":3,"name":"APLB lotion corps"}]},{"@type":"WebSite","@id":"https:\/\/skinbodycaree.com\/#website","url":"https:\/\/skinbodycaree.com\/","name":"SkinBodyCare","description":"Because Your Skin Deserves Better","potentialAction":[{"@type":"SearchAction","target":{"@type":"EntryPoint","urlTemplate":"https:\/\/skinbodycaree.com\/?s={search_term_string}"},"query-input":{"@type":"PropertyValueSpecification","valueRequired":true,"valueName":"search_term_string"}}],"inLanguage":"en-US"}]}},"_links":{"self":[{"href":"https:\/\/skinbodycaree.com\/en\/wp-json\/wp\/v2\/product\/4494","targetHints":{"allow":["GET"]}}],"collection":[{"href":"https:\/\/skinbodycaree.com\/en\/wp-json\/wp\/v2\/product"}],"about":[{"href":"https:\/\/skinbodycaree.com\/en\/wp-json\/wp\/v2\/types\/product"}],"wp:featuredmedia":[{"embeddable":true,"href":"https:\/\/skinbodycaree.com\/en\/wp-json\/wp\/v2\/media\/4493"}],"wp:attachment":[{"href":"https:\/\/skinbodycaree.com\/en\/wp-json\/wp\/v2\/media?parent=4494"}],"wp:term":[{"taxonomy":"product_cat","embeddable":true,"href":"https:\/\/skinbodycaree.com\/en\/wp-json\/wp\/v2\/product_cat?post=4494"},{"taxonomy":"product_tag","embeddable":true,"href":"https:\/\/skinbodycaree.com\/en\/wp-json\/wp\/v2\/product_tag?post=4494"}],"curies":[{"name":"wp","href":"https:\/\/api.w.org\/{rel}","templated":true}]}}