{"id":4457,"date":"2024-08-17T19:04:15","date_gmt":"2024-08-17T19:04:15","guid":{"rendered":"https:\/\/skinbodycaree.com\/produit\/masque-pieds-aveeno\/"},"modified":"2025-03-16T10:56:29","modified_gmt":"2025-03-16T10:56:29","slug":"masque-pieds-aveeno","status":"publish","type":"product","link":"https:\/\/skinbodycaree.com\/en\/product\/masque-pieds-aveeno\/","title":{"rendered":"Masque pieds Aveeno"},"content":{"rendered":"<p>R\u00e9parez et soulagez les pieds secs et fatigu\u00e9s avec ces masques hydratants pour les pieds. Ils aident \u00e0 r\u00e9parer la peau extra-s\u00e8che pour que vos pieds soient plus doux et plus lisses. Les masques r\u00e9parateurs pour le soulagement de la peau Aveeno\u00ae sont faciles \u00e0 utiliser. Il suffit de laver et de s\u00e9cher vos pieds, d&rsquo;enfiler le masque pour les pieds pendant 10 minutes et de l&rsquo;enlever.<\/p>\n<p>Aveeno\u00ae Skin Relief Repairing Foot Mask est formul\u00e9 pour hydrater intens\u00e9ment et aider \u00e0 r\u00e9parer la peau \u00e0 probl\u00e8me.<\/p>\n<p>Une paire de masques hydratants pour les pieds<\/p>\n<p>Enrichi en beurre de karit\u00e9 et en avoine pr\u00e9biotique<\/p>\n<p>Con\u00e7u pour aider \u00e0 \u00e9quilibrer la barri\u00e8re naturelle \u00e0 l&rsquo;humidit\u00e9 de la peau<\/p>\n<p>Assez doux pour les peaux s\u00e8ches et sensibles<\/p>\n<p>Facile \u00e0 utiliser<\/p>\n<p>Sans parab\u00e8ne et sans parfum<\/p>","protected":false},"excerpt":{"rendered":"<p>R\u00e9parez et soulagez les pieds secs et fatigu\u00e9s avec ces masques hydratants pour les pieds. Ils aident \u00e0 r\u00e9parer la peau extra-s\u00e8che pour que vos pieds soient plus doux et plus lisses. Les masques r\u00e9parateurs pour le soulagement de la peau Aveeno\u00ae sont faciles \u00e0 utiliser. Il suffit de laver et de s\u00e9cher vos pieds,<\/p>\n<div class=\"klb-readmore entry-button\"><a class=\"button light alt medium\" href=\"https:\/\/skinbodycaree.com\/en\/product\/masque-pieds-aveeno\/\">Read More<\/a><\/div>","protected":false},"featured_media":4456,"template":"","meta":[],"product_cat":[59,61,141],"product_tag":[],"class_list":["post-4457","product","type-product","status-publish","has-post-thumbnail","hentry","product_cat-corps","product_cat-exfoliants-et-soins-cibles","product_cat-nouveautes"],"yoast_head":"<!-- This site is optimized with the Yoast SEO plugin v27.3 - https:\/\/yoast.com\/product\/yoast-seo-wordpress\/ -->\n<title>Masque pieds Aveeno - SkinBodyCare<\/title>\n<meta name=\"robots\" content=\"index, follow, max-snippet:-1, max-image-preview:large, max-video-preview:-1\" \/>\n<link rel=\"canonical\" href=\"https:\/\/skinbodycaree.com\/en\/product\/masque-pieds-aveeno\/\" \/>\n<meta property=\"og:locale\" content=\"en_US\" \/>\n<meta property=\"og:type\" content=\"article\" \/>\n<meta property=\"og:title\" content=\"Masque pieds Aveeno - SkinBodyCare\" \/>\n<meta property=\"og:description\" content=\"R\u00e9parez et soulagez les pieds secs et fatigu\u00e9s avec ces masques hydratants pour les pieds. Ils aident \u00e0 r\u00e9parer la peau extra-s\u00e8che pour que vos pieds soient plus doux et plus lisses. Les masques r\u00e9parateurs pour le soulagement de la peau Aveeno\u00ae sont faciles \u00e0 utiliser. Il suffit de laver et de s\u00e9cher vos pieds,Read More\" \/>\n<meta property=\"og:url\" content=\"https:\/\/skinbodycaree.com\/en\/product\/masque-pieds-aveeno\/\" \/>\n<meta property=\"og:site_name\" content=\"SkinBodyCare\" \/>\n<meta property=\"article:modified_time\" content=\"2025-03-16T10:56:29+00:00\" \/>\n<meta property=\"og:image\" content=\"https:\/\/skinbodycaree.com\/wp-content\/uploads\/2024\/08\/img_8148.png\" \/>\n\t<meta property=\"og:image:width\" content=\"1280\" \/>\n\t<meta property=\"og:image:height\" content=\"1280\" \/>\n\t<meta property=\"og:image:type\" content=\"image\/png\" \/>\n<meta name=\"twitter:card\" content=\"summary_large_image\" \/>\n<meta name=\"twitter:label1\" content=\"Est. reading time\" \/>\n\t<meta name=\"twitter:data1\" content=\"1 minute\" \/>\n<script type=\"application\/ld+json\" class=\"yoast-schema-graph\">{\"@context\":\"https:\\\/\\\/schema.org\",\"@graph\":[{\"@type\":\"WebPage\",\"@id\":\"https:\\\/\\\/skinbodycaree.com\\\/produit\\\/masque-pieds-aveeno\\\/\",\"url\":\"https:\\\/\\\/skinbodycaree.com\\\/produit\\\/masque-pieds-aveeno\\\/\",\"name\":\"Masque pieds Aveeno - SkinBodyCare\",\"isPartOf\":{\"@id\":\"https:\\\/\\\/skinbodycaree.com\\\/#website\"},\"primaryImageOfPage\":{\"@id\":\"https:\\\/\\\/skinbodycaree.com\\\/produit\\\/masque-pieds-aveeno\\\/#primaryimage\"},\"image\":{\"@id\":\"https:\\\/\\\/skinbodycaree.com\\\/produit\\\/masque-pieds-aveeno\\\/#primaryimage\"},\"thumbnailUrl\":\"https:\\\/\\\/skinbodycaree.com\\\/wp-content\\\/uploads\\\/2024\\\/08\\\/img_8148.png\",\"datePublished\":\"2024-08-17T19:04:15+00:00\",\"dateModified\":\"2025-03-16T10:56:29+00:00\",\"breadcrumb\":{\"@id\":\"https:\\\/\\\/skinbodycaree.com\\\/produit\\\/masque-pieds-aveeno\\\/#breadcrumb\"},\"inLanguage\":\"en-US\",\"potentialAction\":[{\"@type\":\"ReadAction\",\"target\":[\"https:\\\/\\\/skinbodycaree.com\\\/produit\\\/masque-pieds-aveeno\\\/\"]}]},{\"@type\":\"ImageObject\",\"inLanguage\":\"en-US\",\"@id\":\"https:\\\/\\\/skinbodycaree.com\\\/produit\\\/masque-pieds-aveeno\\\/#primaryimage\",\"url\":\"https:\\\/\\\/skinbodycaree.com\\\/wp-content\\\/uploads\\\/2024\\\/08\\\/img_8148.png\",\"contentUrl\":\"https:\\\/\\\/skinbodycaree.com\\\/wp-content\\\/uploads\\\/2024\\\/08\\\/img_8148.png\",\"width\":1280,\"height\":1280},{\"@type\":\"BreadcrumbList\",\"@id\":\"https:\\\/\\\/skinbodycaree.com\\\/produit\\\/masque-pieds-aveeno\\\/#breadcrumb\",\"itemListElement\":[{\"@type\":\"ListItem\",\"position\":1,\"name\":\"Accueil\",\"item\":\"https:\\\/\\\/skinbodycaree.com\\\/\"},{\"@type\":\"ListItem\",\"position\":2,\"name\":\"Boutique\",\"item\":\"https:\\\/\\\/skinbodycaree.com\\\/shop\\\/\"},{\"@type\":\"ListItem\",\"position\":3,\"name\":\"Masque pieds Aveeno\"}]},{\"@type\":\"WebSite\",\"@id\":\"https:\\\/\\\/skinbodycaree.com\\\/#website\",\"url\":\"https:\\\/\\\/skinbodycaree.com\\\/\",\"name\":\"SkinBodyCare\",\"description\":\"Because Your Skin Deserves Better\",\"potentialAction\":[{\"@type\":\"SearchAction\",\"target\":{\"@type\":\"EntryPoint\",\"urlTemplate\":\"https:\\\/\\\/skinbodycaree.com\\\/?s={search_term_string}\"},\"query-input\":{\"@type\":\"PropertyValueSpecification\",\"valueRequired\":true,\"valueName\":\"search_term_string\"}}],\"inLanguage\":\"en-US\"}]}<\/script>\n<!-- \/ Yoast SEO plugin. -->","yoast_head_json":{"title":"Masque pieds Aveeno - SkinBodyCare","robots":{"index":"index","follow":"follow","max-snippet":"max-snippet:-1","max-image-preview":"max-image-preview:large","max-video-preview":"max-video-preview:-1"},"canonical":"https:\/\/skinbodycaree.com\/en\/product\/masque-pieds-aveeno\/","og_locale":"en_US","og_type":"article","og_title":"Masque pieds Aveeno - SkinBodyCare","og_description":"R\u00e9parez et soulagez les pieds secs et fatigu\u00e9s avec ces masques hydratants pour les pieds. Ils aident \u00e0 r\u00e9parer la peau extra-s\u00e8che pour que vos pieds soient plus doux et plus lisses. Les masques r\u00e9parateurs pour le soulagement de la peau Aveeno\u00ae sont faciles \u00e0 utiliser. Il suffit de laver et de s\u00e9cher vos pieds,Read More","og_url":"https:\/\/skinbodycaree.com\/en\/product\/masque-pieds-aveeno\/","og_site_name":"SkinBodyCare","article_modified_time":"2025-03-16T10:56:29+00:00","og_image":[{"width":1280,"height":1280,"url":"https:\/\/skinbodycaree.com\/wp-content\/uploads\/2024\/08\/img_8148.png","type":"image\/png"}],"twitter_card":"summary_large_image","twitter_misc":{"Est. reading time":"1 minute"},"schema":{"@context":"https:\/\/schema.org","@graph":[{"@type":"WebPage","@id":"https:\/\/skinbodycaree.com\/produit\/masque-pieds-aveeno\/","url":"https:\/\/skinbodycaree.com\/produit\/masque-pieds-aveeno\/","name":"Masque pieds Aveeno - SkinBodyCare","isPartOf":{"@id":"https:\/\/skinbodycaree.com\/#website"},"primaryImageOfPage":{"@id":"https:\/\/skinbodycaree.com\/produit\/masque-pieds-aveeno\/#primaryimage"},"image":{"@id":"https:\/\/skinbodycaree.com\/produit\/masque-pieds-aveeno\/#primaryimage"},"thumbnailUrl":"https:\/\/skinbodycaree.com\/wp-content\/uploads\/2024\/08\/img_8148.png","datePublished":"2024-08-17T19:04:15+00:00","dateModified":"2025-03-16T10:56:29+00:00","breadcrumb":{"@id":"https:\/\/skinbodycaree.com\/produit\/masque-pieds-aveeno\/#breadcrumb"},"inLanguage":"en-US","potentialAction":[{"@type":"ReadAction","target":["https:\/\/skinbodycaree.com\/produit\/masque-pieds-aveeno\/"]}]},{"@type":"ImageObject","inLanguage":"en-US","@id":"https:\/\/skinbodycaree.com\/produit\/masque-pieds-aveeno\/#primaryimage","url":"https:\/\/skinbodycaree.com\/wp-content\/uploads\/2024\/08\/img_8148.png","contentUrl":"https:\/\/skinbodycaree.com\/wp-content\/uploads\/2024\/08\/img_8148.png","width":1280,"height":1280},{"@type":"BreadcrumbList","@id":"https:\/\/skinbodycaree.com\/produit\/masque-pieds-aveeno\/#breadcrumb","itemListElement":[{"@type":"ListItem","position":1,"name":"Accueil","item":"https:\/\/skinbodycaree.com\/"},{"@type":"ListItem","position":2,"name":"Boutique","item":"https:\/\/skinbodycaree.com\/shop\/"},{"@type":"ListItem","position":3,"name":"Masque pieds Aveeno"}]},{"@type":"WebSite","@id":"https:\/\/skinbodycaree.com\/#website","url":"https:\/\/skinbodycaree.com\/","name":"SkinBodyCare","description":"Because Your Skin Deserves Better","potentialAction":[{"@type":"SearchAction","target":{"@type":"EntryPoint","urlTemplate":"https:\/\/skinbodycaree.com\/?s={search_term_string}"},"query-input":{"@type":"PropertyValueSpecification","valueRequired":true,"valueName":"search_term_string"}}],"inLanguage":"en-US"}]}},"_links":{"self":[{"href":"https:\/\/skinbodycaree.com\/en\/wp-json\/wp\/v2\/product\/4457","targetHints":{"allow":["GET"]}}],"collection":[{"href":"https:\/\/skinbodycaree.com\/en\/wp-json\/wp\/v2\/product"}],"about":[{"href":"https:\/\/skinbodycaree.com\/en\/wp-json\/wp\/v2\/types\/product"}],"wp:featuredmedia":[{"embeddable":true,"href":"https:\/\/skinbodycaree.com\/en\/wp-json\/wp\/v2\/media\/4456"}],"wp:attachment":[{"href":"https:\/\/skinbodycaree.com\/en\/wp-json\/wp\/v2\/media?parent=4457"}],"wp:term":[{"taxonomy":"product_cat","embeddable":true,"href":"https:\/\/skinbodycaree.com\/en\/wp-json\/wp\/v2\/product_cat?post=4457"},{"taxonomy":"product_tag","embeddable":true,"href":"https:\/\/skinbodycaree.com\/en\/wp-json\/wp\/v2\/product_tag?post=4457"}],"curies":[{"name":"wp","href":"https:\/\/api.w.org\/{rel}","templated":true}]}}