{"id":4405,"date":"2024-08-09T05:32:12","date_gmt":"2024-08-09T05:32:12","guid":{"rendered":"https:\/\/skinbodycaree.com\/produit\/dr-vita\/"},"modified":"2026-02-09T13:15:10","modified_gmt":"2026-02-09T13:15:10","slug":"dr-vita","status":"publish","type":"product","link":"https:\/\/skinbodycaree.com\/en\/product\/dr-vita\/","title":{"rendered":"Dr VITA cr\u00e8me pour les mains"},"content":{"rendered":"<p>cr\u00e8me pour les mains \u00e0 base de vitamine C \u00e0 la texture douce et moelleuse qui fond sur la peau pour une hydratation en profondeur.<\/p>\n<p>Apr\u00e8s vous \u00eatre lav\u00e9 les mains, versez un peu de cr\u00e8me dans votre main et massez-la.<\/p>","protected":false},"excerpt":{"rendered":"<p>cr\u00e8me pour les mains \u00e0 base de vitamine C \u00e0 la texture douce et moelleuse qui fond sur la peau pour une hydratation en profondeur. Apr\u00e8s vous \u00eatre lav\u00e9 les mains, versez un peu de cr\u00e8me dans votre main et massez-la.<\/p>","protected":false},"featured_media":4404,"template":"","meta":[],"product_cat":[15,127],"product_tag":[],"class_list":["post-4405","product","type-product","status-publish","has-post-thumbnail","hentry","product_cat-tout","product_cat-skincare-coreenne"],"yoast_head":"<!-- This site is optimized with the Yoast SEO plugin v27.3 - https:\/\/yoast.com\/product\/yoast-seo-wordpress\/ -->\n<title>Dr VITA cr\u00e8me pour les mains - SkinBodyCare<\/title>\n<meta name=\"robots\" content=\"index, follow, max-snippet:-1, max-image-preview:large, max-video-preview:-1\" \/>\n<link rel=\"canonical\" href=\"https:\/\/skinbodycaree.com\/en\/product\/dr-vita\/\" \/>\n<meta property=\"og:locale\" content=\"en_US\" \/>\n<meta property=\"og:type\" content=\"article\" \/>\n<meta property=\"og:title\" content=\"Dr VITA cr\u00e8me pour les mains - SkinBodyCare\" \/>\n<meta property=\"og:description\" content=\"cr\u00e8me pour les mains \u00e0 base de vitamine C \u00e0 la texture douce et moelleuse qui fond sur la peau pour une hydratation en profondeur. Apr\u00e8s vous \u00eatre lav\u00e9 les mains, versez un peu de cr\u00e8me dans votre main et massez-la.\" \/>\n<meta property=\"og:url\" content=\"https:\/\/skinbodycaree.com\/en\/product\/dr-vita\/\" \/>\n<meta property=\"og:site_name\" content=\"SkinBodyCare\" \/>\n<meta property=\"article:modified_time\" content=\"2026-02-09T13:15:10+00:00\" \/>\n<meta property=\"og:image\" content=\"https:\/\/skinbodycaree.com\/wp-content\/uploads\/2024\/08\/img_7124.jpeg\" \/>\n\t<meta property=\"og:image:width\" content=\"600\" \/>\n\t<meta property=\"og:image:height\" content=\"600\" \/>\n\t<meta property=\"og:image:type\" content=\"image\/jpeg\" \/>\n<meta name=\"twitter:card\" content=\"summary_large_image\" \/>\n<script type=\"application\/ld+json\" class=\"yoast-schema-graph\">{\"@context\":\"https:\\\/\\\/schema.org\",\"@graph\":[{\"@type\":\"WebPage\",\"@id\":\"https:\\\/\\\/skinbodycaree.com\\\/produit\\\/dr-vita\\\/\",\"url\":\"https:\\\/\\\/skinbodycaree.com\\\/produit\\\/dr-vita\\\/\",\"name\":\"Dr VITA cr\u00e8me pour les mains - SkinBodyCare\",\"isPartOf\":{\"@id\":\"https:\\\/\\\/skinbodycaree.com\\\/#website\"},\"primaryImageOfPage\":{\"@id\":\"https:\\\/\\\/skinbodycaree.com\\\/produit\\\/dr-vita\\\/#primaryimage\"},\"image\":{\"@id\":\"https:\\\/\\\/skinbodycaree.com\\\/produit\\\/dr-vita\\\/#primaryimage\"},\"thumbnailUrl\":\"https:\\\/\\\/skinbodycaree.com\\\/wp-content\\\/uploads\\\/2024\\\/08\\\/img_7124.jpeg\",\"datePublished\":\"2024-08-09T05:32:12+00:00\",\"dateModified\":\"2026-02-09T13:15:10+00:00\",\"breadcrumb\":{\"@id\":\"https:\\\/\\\/skinbodycaree.com\\\/produit\\\/dr-vita\\\/#breadcrumb\"},\"inLanguage\":\"en-US\",\"potentialAction\":[{\"@type\":\"ReadAction\",\"target\":[\"https:\\\/\\\/skinbodycaree.com\\\/produit\\\/dr-vita\\\/\"]}]},{\"@type\":\"ImageObject\",\"inLanguage\":\"en-US\",\"@id\":\"https:\\\/\\\/skinbodycaree.com\\\/produit\\\/dr-vita\\\/#primaryimage\",\"url\":\"https:\\\/\\\/skinbodycaree.com\\\/wp-content\\\/uploads\\\/2024\\\/08\\\/img_7124.jpeg\",\"contentUrl\":\"https:\\\/\\\/skinbodycaree.com\\\/wp-content\\\/uploads\\\/2024\\\/08\\\/img_7124.jpeg\",\"width\":600,\"height\":600},{\"@type\":\"BreadcrumbList\",\"@id\":\"https:\\\/\\\/skinbodycaree.com\\\/produit\\\/dr-vita\\\/#breadcrumb\",\"itemListElement\":[{\"@type\":\"ListItem\",\"position\":1,\"name\":\"Accueil\",\"item\":\"https:\\\/\\\/skinbodycaree.com\\\/\"},{\"@type\":\"ListItem\",\"position\":2,\"name\":\"Boutique\",\"item\":\"https:\\\/\\\/skinbodycaree.com\\\/shop\\\/\"},{\"@type\":\"ListItem\",\"position\":3,\"name\":\"Dr VITA cr\u00e8me pour les mains\"}]},{\"@type\":\"WebSite\",\"@id\":\"https:\\\/\\\/skinbodycaree.com\\\/#website\",\"url\":\"https:\\\/\\\/skinbodycaree.com\\\/\",\"name\":\"SkinBodyCare\",\"description\":\"Because Your Skin Deserves Better\",\"potentialAction\":[{\"@type\":\"SearchAction\",\"target\":{\"@type\":\"EntryPoint\",\"urlTemplate\":\"https:\\\/\\\/skinbodycaree.com\\\/?s={search_term_string}\"},\"query-input\":{\"@type\":\"PropertyValueSpecification\",\"valueRequired\":true,\"valueName\":\"search_term_string\"}}],\"inLanguage\":\"en-US\"}]}<\/script>\n<!-- \/ Yoast SEO plugin. -->","yoast_head_json":{"title":"Dr VITA cr\u00e8me pour les mains - SkinBodyCare","robots":{"index":"index","follow":"follow","max-snippet":"max-snippet:-1","max-image-preview":"max-image-preview:large","max-video-preview":"max-video-preview:-1"},"canonical":"https:\/\/skinbodycaree.com\/en\/product\/dr-vita\/","og_locale":"en_US","og_type":"article","og_title":"Dr VITA cr\u00e8me pour les mains - SkinBodyCare","og_description":"cr\u00e8me pour les mains \u00e0 base de vitamine C \u00e0 la texture douce et moelleuse qui fond sur la peau pour une hydratation en profondeur. Apr\u00e8s vous \u00eatre lav\u00e9 les mains, versez un peu de cr\u00e8me dans votre main et massez-la.","og_url":"https:\/\/skinbodycaree.com\/en\/product\/dr-vita\/","og_site_name":"SkinBodyCare","article_modified_time":"2026-02-09T13:15:10+00:00","og_image":[{"width":600,"height":600,"url":"https:\/\/skinbodycaree.com\/wp-content\/uploads\/2024\/08\/img_7124.jpeg","type":"image\/jpeg"}],"twitter_card":"summary_large_image","schema":{"@context":"https:\/\/schema.org","@graph":[{"@type":"WebPage","@id":"https:\/\/skinbodycaree.com\/produit\/dr-vita\/","url":"https:\/\/skinbodycaree.com\/produit\/dr-vita\/","name":"Dr VITA cr\u00e8me pour les mains - SkinBodyCare","isPartOf":{"@id":"https:\/\/skinbodycaree.com\/#website"},"primaryImageOfPage":{"@id":"https:\/\/skinbodycaree.com\/produit\/dr-vita\/#primaryimage"},"image":{"@id":"https:\/\/skinbodycaree.com\/produit\/dr-vita\/#primaryimage"},"thumbnailUrl":"https:\/\/skinbodycaree.com\/wp-content\/uploads\/2024\/08\/img_7124.jpeg","datePublished":"2024-08-09T05:32:12+00:00","dateModified":"2026-02-09T13:15:10+00:00","breadcrumb":{"@id":"https:\/\/skinbodycaree.com\/produit\/dr-vita\/#breadcrumb"},"inLanguage":"en-US","potentialAction":[{"@type":"ReadAction","target":["https:\/\/skinbodycaree.com\/produit\/dr-vita\/"]}]},{"@type":"ImageObject","inLanguage":"en-US","@id":"https:\/\/skinbodycaree.com\/produit\/dr-vita\/#primaryimage","url":"https:\/\/skinbodycaree.com\/wp-content\/uploads\/2024\/08\/img_7124.jpeg","contentUrl":"https:\/\/skinbodycaree.com\/wp-content\/uploads\/2024\/08\/img_7124.jpeg","width":600,"height":600},{"@type":"BreadcrumbList","@id":"https:\/\/skinbodycaree.com\/produit\/dr-vita\/#breadcrumb","itemListElement":[{"@type":"ListItem","position":1,"name":"Accueil","item":"https:\/\/skinbodycaree.com\/"},{"@type":"ListItem","position":2,"name":"Boutique","item":"https:\/\/skinbodycaree.com\/shop\/"},{"@type":"ListItem","position":3,"name":"Dr VITA cr\u00e8me pour les mains"}]},{"@type":"WebSite","@id":"https:\/\/skinbodycaree.com\/#website","url":"https:\/\/skinbodycaree.com\/","name":"SkinBodyCare","description":"Because Your Skin Deserves Better","potentialAction":[{"@type":"SearchAction","target":{"@type":"EntryPoint","urlTemplate":"https:\/\/skinbodycaree.com\/?s={search_term_string}"},"query-input":{"@type":"PropertyValueSpecification","valueRequired":true,"valueName":"search_term_string"}}],"inLanguage":"en-US"}]}},"_links":{"self":[{"href":"https:\/\/skinbodycaree.com\/en\/wp-json\/wp\/v2\/product\/4405","targetHints":{"allow":["GET"]}}],"collection":[{"href":"https:\/\/skinbodycaree.com\/en\/wp-json\/wp\/v2\/product"}],"about":[{"href":"https:\/\/skinbodycaree.com\/en\/wp-json\/wp\/v2\/types\/product"}],"wp:featuredmedia":[{"embeddable":true,"href":"https:\/\/skinbodycaree.com\/en\/wp-json\/wp\/v2\/media\/4404"}],"wp:attachment":[{"href":"https:\/\/skinbodycaree.com\/en\/wp-json\/wp\/v2\/media?parent=4405"}],"wp:term":[{"taxonomy":"product_cat","embeddable":true,"href":"https:\/\/skinbodycaree.com\/en\/wp-json\/wp\/v2\/product_cat?post=4405"},{"taxonomy":"product_tag","embeddable":true,"href":"https:\/\/skinbodycaree.com\/en\/wp-json\/wp\/v2\/product_tag?post=4405"}],"curies":[{"name":"wp","href":"https:\/\/api.w.org\/{rel}","templated":true}]}}