{"id":4321,"date":"2024-06-27T20:30:12","date_gmt":"2024-06-27T20:30:12","guid":{"rendered":"https:\/\/skinbodycaree.com\/produit\/paulas-choice-2-bha-mini-format-30-ml\/"},"modified":"2026-02-04T20:54:04","modified_gmt":"2026-02-04T20:54:04","slug":"paulas-choice-2-bha-mini-format-30-ml","status":"publish","type":"product","link":"https:\/\/skinbodycaree.com\/en\/product\/paulas-choice-2-bha-mini-format-30-ml\/","title":{"rendered":"Paula\u2019s choice 2% BHA mini format 30 ML"},"content":{"rendered":"<p>Le best-seller mondial embl\u00e9matique, cet exfoliant liquide sans ren\u00e7age quotidien cliniquement prouv\u00e9 \u00e0 l&rsquo;acide salicylique, obstrue rapidement les pores et contr\u00f4le l&rsquo;huile pour une peau claire et \u00e9clatante.<\/p>\n<p>Nettoie et minimise les pores \u00e9largis<\/p>\n<p>2 % de BHA (acide b\u00eata-hydroxy) \u00e9libe les couches accumul\u00e9es de la peau pour un ton lisse et uniforme<\/p>\n<p>Le toner exfoliant liquide l\u00e9ger absorbe rapidement<\/p>\n<p>Une formule douce avec du th\u00e9 vert apaisant soutient la barri\u00e8re de la peau<\/p>\n<p>Format 30  ML<\/p>\n<p>MODE D&rsquo;UTILISATION:<\/p>\n<p>Il s&rsquo;utilise 3 fois par semaine le soir apres votre nettoyage puis vous l&rsquo;appliquez et vous faites suivre dune creme super hydratante.<\/p>","protected":false},"excerpt":{"rendered":"<p>Le best-seller mondial embl\u00e9matique, cet exfoliant liquide sans ren\u00e7age quotidien cliniquement prouv\u00e9 \u00e0 l&rsquo;acide salicylique, obstrue rapidement les pores et contr\u00f4le l&rsquo;huile pour une peau claire et \u00e9clatante. Nettoie et minimise les pores \u00e9largis 2 % de BHA (acide b\u00eata-hydroxy) \u00e9libe les couches accumul\u00e9es de la peau pour un ton lisse et uniforme Le toner<\/p>\n<div class=\"klb-readmore entry-button\"><a class=\"button light alt medium\" href=\"https:\/\/skinbodycaree.com\/en\/product\/paulas-choice-2-bha-mini-format-30-ml\/\">Read More<\/a><\/div>","protected":false},"featured_media":4320,"template":"","meta":[],"product_cat":[103],"product_tag":[],"class_list":["post-4321","product","type-product","status-publish","has-post-thumbnail","hentry","product_cat-exfoliants"],"yoast_head":"<!-- This site is optimized with the Yoast SEO plugin v27.3 - https:\/\/yoast.com\/product\/yoast-seo-wordpress\/ -->\n<title>Paula\u2019s choice 2% BHA mini format 30 ML - SkinBodyCare<\/title>\n<meta name=\"robots\" content=\"index, follow, max-snippet:-1, max-image-preview:large, max-video-preview:-1\" \/>\n<link rel=\"canonical\" href=\"https:\/\/skinbodycaree.com\/en\/product\/paulas-choice-2-bha-mini-format-30-ml\/\" \/>\n<meta property=\"og:locale\" content=\"en_US\" \/>\n<meta property=\"og:type\" content=\"article\" \/>\n<meta property=\"og:title\" content=\"Paula\u2019s choice 2% BHA mini format 30 ML - SkinBodyCare\" \/>\n<meta property=\"og:description\" content=\"Le best-seller mondial embl\u00e9matique, cet exfoliant liquide sans ren\u00e7age quotidien cliniquement prouv\u00e9 \u00e0 l&rsquo;acide salicylique, obstrue rapidement les pores et contr\u00f4le l&rsquo;huile pour une peau claire et \u00e9clatante. Nettoie et minimise les pores \u00e9largis 2 % de BHA (acide b\u00eata-hydroxy) \u00e9libe les couches accumul\u00e9es de la peau pour un ton lisse et uniforme Le tonerRead More\" \/>\n<meta property=\"og:url\" content=\"https:\/\/skinbodycaree.com\/en\/product\/paulas-choice-2-bha-mini-format-30-ml\/\" \/>\n<meta property=\"og:site_name\" content=\"SkinBodyCare\" \/>\n<meta property=\"article:modified_time\" content=\"2026-02-04T20:54:04+00:00\" \/>\n<meta property=\"og:image\" content=\"https:\/\/skinbodycaree.com\/wp-content\/uploads\/2024\/06\/img_3867.jpeg\" \/>\n\t<meta property=\"og:image:width\" content=\"700\" \/>\n\t<meta property=\"og:image:height\" content=\"700\" \/>\n\t<meta property=\"og:image:type\" content=\"image\/jpeg\" \/>\n<meta name=\"twitter:card\" content=\"summary_large_image\" \/>\n<meta name=\"twitter:label1\" content=\"Est. reading time\" \/>\n\t<meta name=\"twitter:data1\" content=\"1 minute\" \/>\n<script type=\"application\/ld+json\" class=\"yoast-schema-graph\">{\"@context\":\"https:\\\/\\\/schema.org\",\"@graph\":[{\"@type\":\"WebPage\",\"@id\":\"https:\\\/\\\/skinbodycaree.com\\\/produit\\\/paulas-choice-2-bha-mini-format-30-ml\\\/\",\"url\":\"https:\\\/\\\/skinbodycaree.com\\\/produit\\\/paulas-choice-2-bha-mini-format-30-ml\\\/\",\"name\":\"Paula\u2019s choice 2% BHA mini format 30 ML - SkinBodyCare\",\"isPartOf\":{\"@id\":\"https:\\\/\\\/skinbodycaree.com\\\/#website\"},\"primaryImageOfPage\":{\"@id\":\"https:\\\/\\\/skinbodycaree.com\\\/produit\\\/paulas-choice-2-bha-mini-format-30-ml\\\/#primaryimage\"},\"image\":{\"@id\":\"https:\\\/\\\/skinbodycaree.com\\\/produit\\\/paulas-choice-2-bha-mini-format-30-ml\\\/#primaryimage\"},\"thumbnailUrl\":\"https:\\\/\\\/skinbodycaree.com\\\/wp-content\\\/uploads\\\/2024\\\/06\\\/img_3867.jpeg\",\"datePublished\":\"2024-06-27T20:30:12+00:00\",\"dateModified\":\"2026-02-04T20:54:04+00:00\",\"breadcrumb\":{\"@id\":\"https:\\\/\\\/skinbodycaree.com\\\/produit\\\/paulas-choice-2-bha-mini-format-30-ml\\\/#breadcrumb\"},\"inLanguage\":\"en-US\",\"potentialAction\":[{\"@type\":\"ReadAction\",\"target\":[\"https:\\\/\\\/skinbodycaree.com\\\/produit\\\/paulas-choice-2-bha-mini-format-30-ml\\\/\"]}]},{\"@type\":\"ImageObject\",\"inLanguage\":\"en-US\",\"@id\":\"https:\\\/\\\/skinbodycaree.com\\\/produit\\\/paulas-choice-2-bha-mini-format-30-ml\\\/#primaryimage\",\"url\":\"https:\\\/\\\/skinbodycaree.com\\\/wp-content\\\/uploads\\\/2024\\\/06\\\/img_3867.jpeg\",\"contentUrl\":\"https:\\\/\\\/skinbodycaree.com\\\/wp-content\\\/uploads\\\/2024\\\/06\\\/img_3867.jpeg\",\"width\":700,\"height\":700},{\"@type\":\"BreadcrumbList\",\"@id\":\"https:\\\/\\\/skinbodycaree.com\\\/produit\\\/paulas-choice-2-bha-mini-format-30-ml\\\/#breadcrumb\",\"itemListElement\":[{\"@type\":\"ListItem\",\"position\":1,\"name\":\"Accueil\",\"item\":\"https:\\\/\\\/skinbodycaree.com\\\/\"},{\"@type\":\"ListItem\",\"position\":2,\"name\":\"Boutique\",\"item\":\"https:\\\/\\\/skinbodycaree.com\\\/shop\\\/\"},{\"@type\":\"ListItem\",\"position\":3,\"name\":\"Paula\u2019s choice 2% BHA mini format 30 ML\"}]},{\"@type\":\"WebSite\",\"@id\":\"https:\\\/\\\/skinbodycaree.com\\\/#website\",\"url\":\"https:\\\/\\\/skinbodycaree.com\\\/\",\"name\":\"SkinBodyCare\",\"description\":\"Because Your Skin Deserves Better\",\"potentialAction\":[{\"@type\":\"SearchAction\",\"target\":{\"@type\":\"EntryPoint\",\"urlTemplate\":\"https:\\\/\\\/skinbodycaree.com\\\/?s={search_term_string}\"},\"query-input\":{\"@type\":\"PropertyValueSpecification\",\"valueRequired\":true,\"valueName\":\"search_term_string\"}}],\"inLanguage\":\"en-US\"}]}<\/script>\n<!-- \/ Yoast SEO plugin. -->","yoast_head_json":{"title":"Paula\u2019s choice 2% BHA mini format 30 ML - SkinBodyCare","robots":{"index":"index","follow":"follow","max-snippet":"max-snippet:-1","max-image-preview":"max-image-preview:large","max-video-preview":"max-video-preview:-1"},"canonical":"https:\/\/skinbodycaree.com\/en\/product\/paulas-choice-2-bha-mini-format-30-ml\/","og_locale":"en_US","og_type":"article","og_title":"Paula\u2019s choice 2% BHA mini format 30 ML - SkinBodyCare","og_description":"Le best-seller mondial embl\u00e9matique, cet exfoliant liquide sans ren\u00e7age quotidien cliniquement prouv\u00e9 \u00e0 l&rsquo;acide salicylique, obstrue rapidement les pores et contr\u00f4le l&rsquo;huile pour une peau claire et \u00e9clatante. Nettoie et minimise les pores \u00e9largis 2 % de BHA (acide b\u00eata-hydroxy) \u00e9libe les couches accumul\u00e9es de la peau pour un ton lisse et uniforme Le tonerRead More","og_url":"https:\/\/skinbodycaree.com\/en\/product\/paulas-choice-2-bha-mini-format-30-ml\/","og_site_name":"SkinBodyCare","article_modified_time":"2026-02-04T20:54:04+00:00","og_image":[{"width":700,"height":700,"url":"https:\/\/skinbodycaree.com\/wp-content\/uploads\/2024\/06\/img_3867.jpeg","type":"image\/jpeg"}],"twitter_card":"summary_large_image","twitter_misc":{"Est. reading time":"1 minute"},"schema":{"@context":"https:\/\/schema.org","@graph":[{"@type":"WebPage","@id":"https:\/\/skinbodycaree.com\/produit\/paulas-choice-2-bha-mini-format-30-ml\/","url":"https:\/\/skinbodycaree.com\/produit\/paulas-choice-2-bha-mini-format-30-ml\/","name":"Paula\u2019s choice 2% BHA mini format 30 ML - SkinBodyCare","isPartOf":{"@id":"https:\/\/skinbodycaree.com\/#website"},"primaryImageOfPage":{"@id":"https:\/\/skinbodycaree.com\/produit\/paulas-choice-2-bha-mini-format-30-ml\/#primaryimage"},"image":{"@id":"https:\/\/skinbodycaree.com\/produit\/paulas-choice-2-bha-mini-format-30-ml\/#primaryimage"},"thumbnailUrl":"https:\/\/skinbodycaree.com\/wp-content\/uploads\/2024\/06\/img_3867.jpeg","datePublished":"2024-06-27T20:30:12+00:00","dateModified":"2026-02-04T20:54:04+00:00","breadcrumb":{"@id":"https:\/\/skinbodycaree.com\/produit\/paulas-choice-2-bha-mini-format-30-ml\/#breadcrumb"},"inLanguage":"en-US","potentialAction":[{"@type":"ReadAction","target":["https:\/\/skinbodycaree.com\/produit\/paulas-choice-2-bha-mini-format-30-ml\/"]}]},{"@type":"ImageObject","inLanguage":"en-US","@id":"https:\/\/skinbodycaree.com\/produit\/paulas-choice-2-bha-mini-format-30-ml\/#primaryimage","url":"https:\/\/skinbodycaree.com\/wp-content\/uploads\/2024\/06\/img_3867.jpeg","contentUrl":"https:\/\/skinbodycaree.com\/wp-content\/uploads\/2024\/06\/img_3867.jpeg","width":700,"height":700},{"@type":"BreadcrumbList","@id":"https:\/\/skinbodycaree.com\/produit\/paulas-choice-2-bha-mini-format-30-ml\/#breadcrumb","itemListElement":[{"@type":"ListItem","position":1,"name":"Accueil","item":"https:\/\/skinbodycaree.com\/"},{"@type":"ListItem","position":2,"name":"Boutique","item":"https:\/\/skinbodycaree.com\/shop\/"},{"@type":"ListItem","position":3,"name":"Paula\u2019s choice 2% BHA mini format 30 ML"}]},{"@type":"WebSite","@id":"https:\/\/skinbodycaree.com\/#website","url":"https:\/\/skinbodycaree.com\/","name":"SkinBodyCare","description":"Because Your Skin Deserves Better","potentialAction":[{"@type":"SearchAction","target":{"@type":"EntryPoint","urlTemplate":"https:\/\/skinbodycaree.com\/?s={search_term_string}"},"query-input":{"@type":"PropertyValueSpecification","valueRequired":true,"valueName":"search_term_string"}}],"inLanguage":"en-US"}]}},"_links":{"self":[{"href":"https:\/\/skinbodycaree.com\/en\/wp-json\/wp\/v2\/product\/4321","targetHints":{"allow":["GET"]}}],"collection":[{"href":"https:\/\/skinbodycaree.com\/en\/wp-json\/wp\/v2\/product"}],"about":[{"href":"https:\/\/skinbodycaree.com\/en\/wp-json\/wp\/v2\/types\/product"}],"wp:featuredmedia":[{"embeddable":true,"href":"https:\/\/skinbodycaree.com\/en\/wp-json\/wp\/v2\/media\/4320"}],"wp:attachment":[{"href":"https:\/\/skinbodycaree.com\/en\/wp-json\/wp\/v2\/media?parent=4321"}],"wp:term":[{"taxonomy":"product_cat","embeddable":true,"href":"https:\/\/skinbodycaree.com\/en\/wp-json\/wp\/v2\/product_cat?post=4321"},{"taxonomy":"product_tag","embeddable":true,"href":"https:\/\/skinbodycaree.com\/en\/wp-json\/wp\/v2\/product_tag?post=4321"}],"curies":[{"name":"wp","href":"https:\/\/api.w.org\/{rel}","templated":true}]}}