{"id":4064,"date":"2024-04-28T12:41:37","date_gmt":"2024-04-28T12:41:37","guid":{"rendered":"https:\/\/skinbodycaree.com\/produit\/beauty-of-joseon-huile-demaquillante\/"},"modified":"2026-02-09T13:08:25","modified_gmt":"2026-02-09T13:08:25","slug":"beauty-of-joseon-huile-demaquillante","status":"publish","type":"product","link":"https:\/\/skinbodycaree.com\/en\/product\/beauty-of-joseon-huile-demaquillante\/","title":{"rendered":"Beauty of Joseon Huile demaquillante"},"content":{"rendered":"<p>Nous avons choisi l&rsquo;huile de Glycine Soja comme base pour ses propri\u00e9t\u00e9s nettoyantes l\u00e9g\u00e8res mais puissantes, \u00e9liminant efficacement la salet\u00e9, le s\u00e9bum et les r\u00e9sidus de maquillage. Enrichie d&rsquo;huile de graines de ginseng, notre huile nettoyante donne un parfum subtil et apaisant, transformant votre routine de soins de la peau en un rituel paisible.<\/p>\n<p>Nettoyage en profondeur<\/p>\n<p>L&rsquo;huile de soja est utilis\u00e9e comme ingr\u00e9dient de base pour dissoudre en douceur la salet\u00e9, les d\u00e9chets et les r\u00e9sidus de maquillage qui s&rsquo;accumulent sur la peau.<\/p>\n<p>Technologie de nettoyage micellaire<\/p>\n<p>La micellaire est une particule compos\u00e9e d&rsquo;eau et d&rsquo;huile. Lorsqu&rsquo;il entre en contact avec la peau, les mol\u00e9cules d&rsquo;huile attirent et absorbent les d\u00e9chets et les r\u00e9sidus de maquillage comme un aimant, tout en fournissant de l&rsquo;humidit\u00e9 au plus profond de la peau.<\/p>\n<p>Ingr\u00e9dients cl\u00e9s<\/p>\n<p>Huile de soja 50 %<\/p>\n<p>Il s&rsquo;agit d&rsquo;une huile respectueuse de la peau extraite de la Glycine Soja compos\u00e9e d&rsquo;acide ol\u00e9ique, d&rsquo;acide linol\u00e9ique et d&rsquo;acide linol\u00e9nique. Il dissout doucement les d\u00e9chets sans obstruer les pores de la peau et, en m\u00eame temps, agit comme un agent de conditionnement pour lisser la peau.<\/p>\n<p>Huile de graines de ginseng 0,1 %<\/p>\n<p>L&rsquo;huile de graines de ginseng aide \u00e0 prot\u00e9ger la peau des stimuli externes. De plus, son parfum unique d&rsquo;herbe sain et confortable vous aide \u00e0 profiter du nettoyage plus confortablement.<\/p>","protected":false},"excerpt":{"rendered":"<p>Nous avons choisi l&rsquo;huile de Glycine Soja comme base pour ses propri\u00e9t\u00e9s nettoyantes l\u00e9g\u00e8res mais puissantes, \u00e9liminant efficacement la salet\u00e9, le s\u00e9bum et les r\u00e9sidus de maquillage. Enrichie d&rsquo;huile de graines de ginseng, notre huile nettoyante donne un parfum subtil et apaisant, transformant votre routine de soins de la peau en un rituel paisible. Nettoyage<\/p>\n<div class=\"klb-readmore entry-button\"><a class=\"button light alt medium\" href=\"https:\/\/skinbodycaree.com\/en\/product\/beauty-of-joseon-huile-demaquillante\/\">Read More<\/a><\/div>","protected":false},"featured_media":4062,"template":"","meta":[],"product_cat":[52,127],"product_tag":[],"class_list":["post-4064","product","type-product","status-publish","has-post-thumbnail","hentry","product_cat-demaquillants","product_cat-skincare-coreenne"],"yoast_head":"<!-- This site is optimized with the Yoast SEO plugin v27.3 - https:\/\/yoast.com\/product\/yoast-seo-wordpress\/ -->\n<title>Beauty of Joseon Huile demaquillante - SkinBodyCare<\/title>\n<meta name=\"robots\" content=\"index, follow, max-snippet:-1, max-image-preview:large, max-video-preview:-1\" \/>\n<link rel=\"canonical\" href=\"https:\/\/skinbodycaree.com\/en\/product\/beauty-of-joseon-huile-demaquillante\/\" \/>\n<meta property=\"og:locale\" content=\"en_US\" \/>\n<meta property=\"og:type\" content=\"article\" \/>\n<meta property=\"og:title\" content=\"Beauty of Joseon Huile demaquillante - SkinBodyCare\" \/>\n<meta property=\"og:description\" content=\"Nous avons choisi l&rsquo;huile de Glycine Soja comme base pour ses propri\u00e9t\u00e9s nettoyantes l\u00e9g\u00e8res mais puissantes, \u00e9liminant efficacement la salet\u00e9, le s\u00e9bum et les r\u00e9sidus de maquillage. Enrichie d&rsquo;huile de graines de ginseng, notre huile nettoyante donne un parfum subtil et apaisant, transformant votre routine de soins de la peau en un rituel paisible. NettoyageRead More\" \/>\n<meta property=\"og:url\" content=\"https:\/\/skinbodycaree.com\/en\/product\/beauty-of-joseon-huile-demaquillante\/\" \/>\n<meta property=\"og:site_name\" content=\"SkinBodyCare\" \/>\n<meta property=\"article:modified_time\" content=\"2026-02-09T13:08:25+00:00\" \/>\n<meta property=\"og:image\" content=\"https:\/\/skinbodycaree.com\/wp-content\/uploads\/2024\/04\/img_8509.jpeg\" \/>\n\t<meta property=\"og:image:width\" content=\"2000\" \/>\n\t<meta property=\"og:image:height\" content=\"2000\" \/>\n\t<meta property=\"og:image:type\" content=\"image\/jpeg\" \/>\n<meta name=\"twitter:card\" content=\"summary_large_image\" \/>\n<meta name=\"twitter:label1\" content=\"Est. reading time\" \/>\n\t<meta name=\"twitter:data1\" content=\"1 minute\" \/>\n<script type=\"application\/ld+json\" class=\"yoast-schema-graph\">{\"@context\":\"https:\\\/\\\/schema.org\",\"@graph\":[{\"@type\":\"WebPage\",\"@id\":\"https:\\\/\\\/skinbodycaree.com\\\/produit\\\/beauty-of-joseon-huile-demaquillante\\\/\",\"url\":\"https:\\\/\\\/skinbodycaree.com\\\/produit\\\/beauty-of-joseon-huile-demaquillante\\\/\",\"name\":\"Beauty of Joseon Huile demaquillante - SkinBodyCare\",\"isPartOf\":{\"@id\":\"https:\\\/\\\/skinbodycaree.com\\\/#website\"},\"primaryImageOfPage\":{\"@id\":\"https:\\\/\\\/skinbodycaree.com\\\/produit\\\/beauty-of-joseon-huile-demaquillante\\\/#primaryimage\"},\"image\":{\"@id\":\"https:\\\/\\\/skinbodycaree.com\\\/produit\\\/beauty-of-joseon-huile-demaquillante\\\/#primaryimage\"},\"thumbnailUrl\":\"https:\\\/\\\/skinbodycaree.com\\\/wp-content\\\/uploads\\\/2024\\\/04\\\/img_8509.jpeg\",\"datePublished\":\"2024-04-28T12:41:37+00:00\",\"dateModified\":\"2026-02-09T13:08:25+00:00\",\"breadcrumb\":{\"@id\":\"https:\\\/\\\/skinbodycaree.com\\\/produit\\\/beauty-of-joseon-huile-demaquillante\\\/#breadcrumb\"},\"inLanguage\":\"en-US\",\"potentialAction\":[{\"@type\":\"ReadAction\",\"target\":[\"https:\\\/\\\/skinbodycaree.com\\\/produit\\\/beauty-of-joseon-huile-demaquillante\\\/\"]}]},{\"@type\":\"ImageObject\",\"inLanguage\":\"en-US\",\"@id\":\"https:\\\/\\\/skinbodycaree.com\\\/produit\\\/beauty-of-joseon-huile-demaquillante\\\/#primaryimage\",\"url\":\"https:\\\/\\\/skinbodycaree.com\\\/wp-content\\\/uploads\\\/2024\\\/04\\\/img_8509.jpeg\",\"contentUrl\":\"https:\\\/\\\/skinbodycaree.com\\\/wp-content\\\/uploads\\\/2024\\\/04\\\/img_8509.jpeg\",\"width\":2000,\"height\":2000},{\"@type\":\"BreadcrumbList\",\"@id\":\"https:\\\/\\\/skinbodycaree.com\\\/produit\\\/beauty-of-joseon-huile-demaquillante\\\/#breadcrumb\",\"itemListElement\":[{\"@type\":\"ListItem\",\"position\":1,\"name\":\"Accueil\",\"item\":\"https:\\\/\\\/skinbodycaree.com\\\/\"},{\"@type\":\"ListItem\",\"position\":2,\"name\":\"Boutique\",\"item\":\"https:\\\/\\\/skinbodycaree.com\\\/shop\\\/\"},{\"@type\":\"ListItem\",\"position\":3,\"name\":\"Beauty of Joseon Huile demaquillante\"}]},{\"@type\":\"WebSite\",\"@id\":\"https:\\\/\\\/skinbodycaree.com\\\/#website\",\"url\":\"https:\\\/\\\/skinbodycaree.com\\\/\",\"name\":\"SkinBodyCare\",\"description\":\"Because Your Skin Deserves Better\",\"potentialAction\":[{\"@type\":\"SearchAction\",\"target\":{\"@type\":\"EntryPoint\",\"urlTemplate\":\"https:\\\/\\\/skinbodycaree.com\\\/?s={search_term_string}\"},\"query-input\":{\"@type\":\"PropertyValueSpecification\",\"valueRequired\":true,\"valueName\":\"search_term_string\"}}],\"inLanguage\":\"en-US\"}]}<\/script>\n<!-- \/ Yoast SEO plugin. -->","yoast_head_json":{"title":"Beauty of Joseon Huile demaquillante - SkinBodyCare","robots":{"index":"index","follow":"follow","max-snippet":"max-snippet:-1","max-image-preview":"max-image-preview:large","max-video-preview":"max-video-preview:-1"},"canonical":"https:\/\/skinbodycaree.com\/en\/product\/beauty-of-joseon-huile-demaquillante\/","og_locale":"en_US","og_type":"article","og_title":"Beauty of Joseon Huile demaquillante - SkinBodyCare","og_description":"Nous avons choisi l&rsquo;huile de Glycine Soja comme base pour ses propri\u00e9t\u00e9s nettoyantes l\u00e9g\u00e8res mais puissantes, \u00e9liminant efficacement la salet\u00e9, le s\u00e9bum et les r\u00e9sidus de maquillage. Enrichie d&rsquo;huile de graines de ginseng, notre huile nettoyante donne un parfum subtil et apaisant, transformant votre routine de soins de la peau en un rituel paisible. NettoyageRead More","og_url":"https:\/\/skinbodycaree.com\/en\/product\/beauty-of-joseon-huile-demaquillante\/","og_site_name":"SkinBodyCare","article_modified_time":"2026-02-09T13:08:25+00:00","og_image":[{"width":2000,"height":2000,"url":"https:\/\/skinbodycaree.com\/wp-content\/uploads\/2024\/04\/img_8509.jpeg","type":"image\/jpeg"}],"twitter_card":"summary_large_image","twitter_misc":{"Est. reading time":"1 minute"},"schema":{"@context":"https:\/\/schema.org","@graph":[{"@type":"WebPage","@id":"https:\/\/skinbodycaree.com\/produit\/beauty-of-joseon-huile-demaquillante\/","url":"https:\/\/skinbodycaree.com\/produit\/beauty-of-joseon-huile-demaquillante\/","name":"Beauty of Joseon Huile demaquillante - SkinBodyCare","isPartOf":{"@id":"https:\/\/skinbodycaree.com\/#website"},"primaryImageOfPage":{"@id":"https:\/\/skinbodycaree.com\/produit\/beauty-of-joseon-huile-demaquillante\/#primaryimage"},"image":{"@id":"https:\/\/skinbodycaree.com\/produit\/beauty-of-joseon-huile-demaquillante\/#primaryimage"},"thumbnailUrl":"https:\/\/skinbodycaree.com\/wp-content\/uploads\/2024\/04\/img_8509.jpeg","datePublished":"2024-04-28T12:41:37+00:00","dateModified":"2026-02-09T13:08:25+00:00","breadcrumb":{"@id":"https:\/\/skinbodycaree.com\/produit\/beauty-of-joseon-huile-demaquillante\/#breadcrumb"},"inLanguage":"en-US","potentialAction":[{"@type":"ReadAction","target":["https:\/\/skinbodycaree.com\/produit\/beauty-of-joseon-huile-demaquillante\/"]}]},{"@type":"ImageObject","inLanguage":"en-US","@id":"https:\/\/skinbodycaree.com\/produit\/beauty-of-joseon-huile-demaquillante\/#primaryimage","url":"https:\/\/skinbodycaree.com\/wp-content\/uploads\/2024\/04\/img_8509.jpeg","contentUrl":"https:\/\/skinbodycaree.com\/wp-content\/uploads\/2024\/04\/img_8509.jpeg","width":2000,"height":2000},{"@type":"BreadcrumbList","@id":"https:\/\/skinbodycaree.com\/produit\/beauty-of-joseon-huile-demaquillante\/#breadcrumb","itemListElement":[{"@type":"ListItem","position":1,"name":"Accueil","item":"https:\/\/skinbodycaree.com\/"},{"@type":"ListItem","position":2,"name":"Boutique","item":"https:\/\/skinbodycaree.com\/shop\/"},{"@type":"ListItem","position":3,"name":"Beauty of Joseon Huile demaquillante"}]},{"@type":"WebSite","@id":"https:\/\/skinbodycaree.com\/#website","url":"https:\/\/skinbodycaree.com\/","name":"SkinBodyCare","description":"Because Your Skin Deserves Better","potentialAction":[{"@type":"SearchAction","target":{"@type":"EntryPoint","urlTemplate":"https:\/\/skinbodycaree.com\/?s={search_term_string}"},"query-input":{"@type":"PropertyValueSpecification","valueRequired":true,"valueName":"search_term_string"}}],"inLanguage":"en-US"}]}},"_links":{"self":[{"href":"https:\/\/skinbodycaree.com\/en\/wp-json\/wp\/v2\/product\/4064","targetHints":{"allow":["GET"]}}],"collection":[{"href":"https:\/\/skinbodycaree.com\/en\/wp-json\/wp\/v2\/product"}],"about":[{"href":"https:\/\/skinbodycaree.com\/en\/wp-json\/wp\/v2\/types\/product"}],"wp:featuredmedia":[{"embeddable":true,"href":"https:\/\/skinbodycaree.com\/en\/wp-json\/wp\/v2\/media\/4062"}],"wp:attachment":[{"href":"https:\/\/skinbodycaree.com\/en\/wp-json\/wp\/v2\/media?parent=4064"}],"wp:term":[{"taxonomy":"product_cat","embeddable":true,"href":"https:\/\/skinbodycaree.com\/en\/wp-json\/wp\/v2\/product_cat?post=4064"},{"taxonomy":"product_tag","embeddable":true,"href":"https:\/\/skinbodycaree.com\/en\/wp-json\/wp\/v2\/product_tag?post=4064"}],"curies":[{"name":"wp","href":"https:\/\/api.w.org\/{rel}","templated":true}]}}