{"id":4026,"date":"2024-04-27T16:20:45","date_gmt":"2024-04-27T16:20:45","guid":{"rendered":"https:\/\/skinbodycaree.com\/produit\/lotion-hydratante-naturie-visage\/"},"modified":"2026-03-05T15:43:26","modified_gmt":"2026-03-05T15:43:26","slug":"lotion-hydratante-naturie-visage","status":"publish","type":"product","link":"https:\/\/skinbodycaree.com\/en\/product\/lotion-hydratante-naturie-visage\/","title":{"rendered":"Lotion hydratante Naturie visage"},"content":{"rendered":"<p><span>Naturie Skin Conditioner est une lotion hydratante l\u00e9g\u00e8re et non collante contenant de l&rsquo;extrait naturel de larmes de Job (hatomugi) pour hydrater la peau en profondeur et la garder douce et lisse.<\/span><\/p>\n<p>Contenant le maximum d&rsquo;eau possible, il glisse doucement sur la peau avec une<span class=\"Y2IQFc\" lang=\"fr\">sensation rafra\u00eechissante, s&rsquo;enfon\u00e7ant profond\u00e9ment dans la peau d\u00e8s que vous l&rsquo;appliquez.<\/span><\/p>\n<p><span class=\"Y2IQFc\" lang=\"fr\">Il contient \u00e9galement des larmes de travail (hatomugi) et de la vitamine C, qui ont des effets anti-inflammatoires et anti-oxydants.<\/span><\/p>","protected":false},"excerpt":{"rendered":"<p>Naturie Skin Conditioner est une lotion hydratante l\u00e9g\u00e8re et non collante contenant de l&rsquo;extrait naturel de larmes de Job (hatomugi) pour hydrater la peau en profondeur et la garder douce et lisse. Contenant le maximum d&rsquo;eau possible, il glisse doucement sur la peau avec unesensation rafra\u00eechissante, s&rsquo;enfon\u00e7ant profond\u00e9ment dans la peau d\u00e8s que vous l&rsquo;appliquez.<\/p>\n<div class=\"klb-readmore entry-button\"><a class=\"button light alt medium\" href=\"https:\/\/skinbodycaree.com\/en\/product\/lotion-hydratante-naturie-visage\/\">Read More<\/a><\/div>","protected":false},"featured_media":4025,"template":"","meta":[],"product_cat":[76,127],"product_tag":[],"class_list":["post-4026","product","type-product","status-publish","has-post-thumbnail","hentry","product_cat-lotions-essence-toner","product_cat-skincare-coreenne"],"yoast_head":"<!-- This site is optimized with the Yoast SEO plugin v27.3 - https:\/\/yoast.com\/product\/yoast-seo-wordpress\/ -->\n<title>Lotion hydratante Naturie visage - SkinBodyCare<\/title>\n<meta name=\"robots\" content=\"index, follow, max-snippet:-1, max-image-preview:large, max-video-preview:-1\" \/>\n<link rel=\"canonical\" href=\"https:\/\/skinbodycaree.com\/en\/product\/lotion-hydratante-naturie-visage\/\" \/>\n<meta property=\"og:locale\" content=\"en_US\" \/>\n<meta property=\"og:type\" content=\"article\" \/>\n<meta property=\"og:title\" content=\"Lotion hydratante Naturie visage - SkinBodyCare\" \/>\n<meta property=\"og:description\" content=\"Naturie Skin Conditioner est une lotion hydratante l\u00e9g\u00e8re et non collante contenant de l&rsquo;extrait naturel de larmes de Job (hatomugi) pour hydrater la peau en profondeur et la garder douce et lisse. Contenant le maximum d&rsquo;eau possible, il glisse doucement sur la peau avec unesensation rafra\u00eechissante, s&rsquo;enfon\u00e7ant profond\u00e9ment dans la peau d\u00e8s que vous l&rsquo;appliquez.Read More\" \/>\n<meta property=\"og:url\" content=\"https:\/\/skinbodycaree.com\/en\/product\/lotion-hydratante-naturie-visage\/\" \/>\n<meta property=\"og:site_name\" content=\"SkinBodyCare\" \/>\n<meta property=\"article:modified_time\" content=\"2026-03-05T15:43:26+00:00\" \/>\n<meta property=\"og:image\" content=\"https:\/\/skinbodycaree.com\/wp-content\/uploads\/2024\/04\/img_8409.jpeg\" \/>\n\t<meta property=\"og:image:width\" content=\"1500\" \/>\n\t<meta property=\"og:image:height\" content=\"1500\" \/>\n\t<meta property=\"og:image:type\" content=\"image\/jpeg\" \/>\n<meta name=\"twitter:card\" content=\"summary_large_image\" \/>\n<script type=\"application\/ld+json\" class=\"yoast-schema-graph\">{\"@context\":\"https:\\\/\\\/schema.org\",\"@graph\":[{\"@type\":\"WebPage\",\"@id\":\"https:\\\/\\\/skinbodycaree.com\\\/produit\\\/lotion-hydratante-naturie-visage\\\/\",\"url\":\"https:\\\/\\\/skinbodycaree.com\\\/produit\\\/lotion-hydratante-naturie-visage\\\/\",\"name\":\"Lotion hydratante Naturie visage - SkinBodyCare\",\"isPartOf\":{\"@id\":\"https:\\\/\\\/skinbodycaree.com\\\/#website\"},\"primaryImageOfPage\":{\"@id\":\"https:\\\/\\\/skinbodycaree.com\\\/produit\\\/lotion-hydratante-naturie-visage\\\/#primaryimage\"},\"image\":{\"@id\":\"https:\\\/\\\/skinbodycaree.com\\\/produit\\\/lotion-hydratante-naturie-visage\\\/#primaryimage\"},\"thumbnailUrl\":\"https:\\\/\\\/skinbodycaree.com\\\/wp-content\\\/uploads\\\/2024\\\/04\\\/img_8409.jpeg\",\"datePublished\":\"2024-04-27T16:20:45+00:00\",\"dateModified\":\"2026-03-05T15:43:26+00:00\",\"breadcrumb\":{\"@id\":\"https:\\\/\\\/skinbodycaree.com\\\/produit\\\/lotion-hydratante-naturie-visage\\\/#breadcrumb\"},\"inLanguage\":\"en-US\",\"potentialAction\":[{\"@type\":\"ReadAction\",\"target\":[\"https:\\\/\\\/skinbodycaree.com\\\/produit\\\/lotion-hydratante-naturie-visage\\\/\"]}]},{\"@type\":\"ImageObject\",\"inLanguage\":\"en-US\",\"@id\":\"https:\\\/\\\/skinbodycaree.com\\\/produit\\\/lotion-hydratante-naturie-visage\\\/#primaryimage\",\"url\":\"https:\\\/\\\/skinbodycaree.com\\\/wp-content\\\/uploads\\\/2024\\\/04\\\/img_8409.jpeg\",\"contentUrl\":\"https:\\\/\\\/skinbodycaree.com\\\/wp-content\\\/uploads\\\/2024\\\/04\\\/img_8409.jpeg\",\"width\":1500,\"height\":1500},{\"@type\":\"BreadcrumbList\",\"@id\":\"https:\\\/\\\/skinbodycaree.com\\\/produit\\\/lotion-hydratante-naturie-visage\\\/#breadcrumb\",\"itemListElement\":[{\"@type\":\"ListItem\",\"position\":1,\"name\":\"Accueil\",\"item\":\"https:\\\/\\\/skinbodycaree.com\\\/\"},{\"@type\":\"ListItem\",\"position\":2,\"name\":\"Boutique\",\"item\":\"https:\\\/\\\/skinbodycaree.com\\\/shop\\\/\"},{\"@type\":\"ListItem\",\"position\":3,\"name\":\"Lotion hydratante Naturie visage\"}]},{\"@type\":\"WebSite\",\"@id\":\"https:\\\/\\\/skinbodycaree.com\\\/#website\",\"url\":\"https:\\\/\\\/skinbodycaree.com\\\/\",\"name\":\"SkinBodyCare\",\"description\":\"Because Your Skin Deserves Better\",\"potentialAction\":[{\"@type\":\"SearchAction\",\"target\":{\"@type\":\"EntryPoint\",\"urlTemplate\":\"https:\\\/\\\/skinbodycaree.com\\\/?s={search_term_string}\"},\"query-input\":{\"@type\":\"PropertyValueSpecification\",\"valueRequired\":true,\"valueName\":\"search_term_string\"}}],\"inLanguage\":\"en-US\"}]}<\/script>\n<!-- \/ Yoast SEO plugin. -->","yoast_head_json":{"title":"Lotion hydratante Naturie visage - SkinBodyCare","robots":{"index":"index","follow":"follow","max-snippet":"max-snippet:-1","max-image-preview":"max-image-preview:large","max-video-preview":"max-video-preview:-1"},"canonical":"https:\/\/skinbodycaree.com\/en\/product\/lotion-hydratante-naturie-visage\/","og_locale":"en_US","og_type":"article","og_title":"Lotion hydratante Naturie visage - SkinBodyCare","og_description":"Naturie Skin Conditioner est une lotion hydratante l\u00e9g\u00e8re et non collante contenant de l&rsquo;extrait naturel de larmes de Job (hatomugi) pour hydrater la peau en profondeur et la garder douce et lisse. Contenant le maximum d&rsquo;eau possible, il glisse doucement sur la peau avec unesensation rafra\u00eechissante, s&rsquo;enfon\u00e7ant profond\u00e9ment dans la peau d\u00e8s que vous l&rsquo;appliquez.Read More","og_url":"https:\/\/skinbodycaree.com\/en\/product\/lotion-hydratante-naturie-visage\/","og_site_name":"SkinBodyCare","article_modified_time":"2026-03-05T15:43:26+00:00","og_image":[{"width":1500,"height":1500,"url":"https:\/\/skinbodycaree.com\/wp-content\/uploads\/2024\/04\/img_8409.jpeg","type":"image\/jpeg"}],"twitter_card":"summary_large_image","schema":{"@context":"https:\/\/schema.org","@graph":[{"@type":"WebPage","@id":"https:\/\/skinbodycaree.com\/produit\/lotion-hydratante-naturie-visage\/","url":"https:\/\/skinbodycaree.com\/produit\/lotion-hydratante-naturie-visage\/","name":"Lotion hydratante Naturie visage - SkinBodyCare","isPartOf":{"@id":"https:\/\/skinbodycaree.com\/#website"},"primaryImageOfPage":{"@id":"https:\/\/skinbodycaree.com\/produit\/lotion-hydratante-naturie-visage\/#primaryimage"},"image":{"@id":"https:\/\/skinbodycaree.com\/produit\/lotion-hydratante-naturie-visage\/#primaryimage"},"thumbnailUrl":"https:\/\/skinbodycaree.com\/wp-content\/uploads\/2024\/04\/img_8409.jpeg","datePublished":"2024-04-27T16:20:45+00:00","dateModified":"2026-03-05T15:43:26+00:00","breadcrumb":{"@id":"https:\/\/skinbodycaree.com\/produit\/lotion-hydratante-naturie-visage\/#breadcrumb"},"inLanguage":"en-US","potentialAction":[{"@type":"ReadAction","target":["https:\/\/skinbodycaree.com\/produit\/lotion-hydratante-naturie-visage\/"]}]},{"@type":"ImageObject","inLanguage":"en-US","@id":"https:\/\/skinbodycaree.com\/produit\/lotion-hydratante-naturie-visage\/#primaryimage","url":"https:\/\/skinbodycaree.com\/wp-content\/uploads\/2024\/04\/img_8409.jpeg","contentUrl":"https:\/\/skinbodycaree.com\/wp-content\/uploads\/2024\/04\/img_8409.jpeg","width":1500,"height":1500},{"@type":"BreadcrumbList","@id":"https:\/\/skinbodycaree.com\/produit\/lotion-hydratante-naturie-visage\/#breadcrumb","itemListElement":[{"@type":"ListItem","position":1,"name":"Accueil","item":"https:\/\/skinbodycaree.com\/"},{"@type":"ListItem","position":2,"name":"Boutique","item":"https:\/\/skinbodycaree.com\/shop\/"},{"@type":"ListItem","position":3,"name":"Lotion hydratante Naturie visage"}]},{"@type":"WebSite","@id":"https:\/\/skinbodycaree.com\/#website","url":"https:\/\/skinbodycaree.com\/","name":"SkinBodyCare","description":"Because Your Skin Deserves Better","potentialAction":[{"@type":"SearchAction","target":{"@type":"EntryPoint","urlTemplate":"https:\/\/skinbodycaree.com\/?s={search_term_string}"},"query-input":{"@type":"PropertyValueSpecification","valueRequired":true,"valueName":"search_term_string"}}],"inLanguage":"en-US"}]}},"_links":{"self":[{"href":"https:\/\/skinbodycaree.com\/en\/wp-json\/wp\/v2\/product\/4026","targetHints":{"allow":["GET"]}}],"collection":[{"href":"https:\/\/skinbodycaree.com\/en\/wp-json\/wp\/v2\/product"}],"about":[{"href":"https:\/\/skinbodycaree.com\/en\/wp-json\/wp\/v2\/types\/product"}],"wp:featuredmedia":[{"embeddable":true,"href":"https:\/\/skinbodycaree.com\/en\/wp-json\/wp\/v2\/media\/4025"}],"wp:attachment":[{"href":"https:\/\/skinbodycaree.com\/en\/wp-json\/wp\/v2\/media?parent=4026"}],"wp:term":[{"taxonomy":"product_cat","embeddable":true,"href":"https:\/\/skinbodycaree.com\/en\/wp-json\/wp\/v2\/product_cat?post=4026"},{"taxonomy":"product_tag","embeddable":true,"href":"https:\/\/skinbodycaree.com\/en\/wp-json\/wp\/v2\/product_tag?post=4026"}],"curies":[{"name":"wp","href":"https:\/\/api.w.org\/{rel}","templated":true}]}}