{"id":4009,"date":"2024-04-25T16:11:23","date_gmt":"2024-04-25T16:11:23","guid":{"rendered":"https:\/\/skinbodycaree.com\/produit\/necessaire-serum-corps\/"},"modified":"2024-05-20T00:57:55","modified_gmt":"2024-05-20T00:57:55","slug":"necessaire-serum-corps","status":"publish","type":"product","link":"https:\/\/skinbodycaree.com\/en\/product\/necessaire-serum-corps\/","title":{"rendered":"N\u00e9cessaire serum corps"},"content":{"rendered":"<p>Le s\u00e9rum pour le corps est un s\u00e9rum hydratant pour la peau. Ce s\u00e9rum clinique en gel est infus\u00e9 de 5 poids mol\u00e9culaires d&rsquo;acide hyaluronique pur et de niacinamide pour hydrater, reconstituer et repulper la peau. Test\u00e9 par des dermatologues. Hypoallerg\u00e9nique. Non com\u00e9dog\u00e8ne. Le s\u00e9rum pour le corps est emball\u00e9 dans notre emballage airless signature pour plus de puret\u00e9. La bouteille et le bouchon sont fabriqu\u00e9s en France \u00e0 partir de 100 % de bior\u00e9sine. Cette formule porte le sceau d&rsquo;approbation de la National Eczema Association.<\/p>\n<p>Mode d&rsquo;utilisation : il s&rsquo;utilise matin et soir avec son lait de corps hydratant quotidien<\/p>","protected":false},"excerpt":{"rendered":"<p>Le s\u00e9rum pour le corps est un s\u00e9rum hydratant pour la peau. Ce s\u00e9rum clinique en gel est infus\u00e9 de 5 poids mol\u00e9culaires d&rsquo;acide hyaluronique pur et de niacinamide pour hydrater, reconstituer et repulper la peau. Test\u00e9 par des dermatologues. Hypoallerg\u00e9nique. Non com\u00e9dog\u00e8ne. Le s\u00e9rum pour le corps est emball\u00e9 dans notre emballage airless signature<\/p>\n<div class=\"klb-readmore entry-button\"><a class=\"button light alt medium\" href=\"https:\/\/skinbodycaree.com\/en\/product\/necessaire-serum-corps\/\">Read More<\/a><\/div>","protected":false},"featured_media":4008,"template":"","meta":[],"product_cat":[15],"product_tag":[],"class_list":["post-4009","product","type-product","status-publish","has-post-thumbnail","hentry","product_cat-tout"],"yoast_head":"<!-- This site is optimized with the Yoast SEO plugin v27.3 - https:\/\/yoast.com\/product\/yoast-seo-wordpress\/ -->\n<title>N\u00e9cessaire serum corps - SkinBodyCare<\/title>\n<meta name=\"robots\" content=\"index, follow, max-snippet:-1, max-image-preview:large, max-video-preview:-1\" \/>\n<link rel=\"canonical\" href=\"https:\/\/skinbodycaree.com\/en\/product\/necessaire-serum-corps\/\" \/>\n<meta property=\"og:locale\" content=\"en_US\" \/>\n<meta property=\"og:type\" content=\"article\" \/>\n<meta property=\"og:title\" content=\"N\u00e9cessaire serum corps - SkinBodyCare\" \/>\n<meta property=\"og:description\" content=\"Le s\u00e9rum pour le corps est un s\u00e9rum hydratant pour la peau. Ce s\u00e9rum clinique en gel est infus\u00e9 de 5 poids mol\u00e9culaires d&rsquo;acide hyaluronique pur et de niacinamide pour hydrater, reconstituer et repulper la peau. Test\u00e9 par des dermatologues. Hypoallerg\u00e9nique. Non com\u00e9dog\u00e8ne. Le s\u00e9rum pour le corps est emball\u00e9 dans notre emballage airless signatureRead More\" \/>\n<meta property=\"og:url\" content=\"https:\/\/skinbodycaree.com\/en\/product\/necessaire-serum-corps\/\" \/>\n<meta property=\"og:site_name\" content=\"SkinBodyCare\" \/>\n<meta property=\"article:modified_time\" content=\"2024-05-20T00:57:55+00:00\" \/>\n<meta property=\"og:image\" content=\"https:\/\/skinbodycaree.com\/wp-content\/uploads\/2024\/04\/img_8290.jpeg\" \/>\n\t<meta property=\"og:image:width\" content=\"1116\" \/>\n\t<meta property=\"og:image:height\" content=\"1302\" \/>\n\t<meta property=\"og:image:type\" content=\"image\/jpeg\" \/>\n<meta name=\"twitter:card\" content=\"summary_large_image\" \/>\n<meta name=\"twitter:label1\" content=\"Est. reading time\" \/>\n\t<meta name=\"twitter:data1\" content=\"1 minute\" \/>\n<script type=\"application\/ld+json\" class=\"yoast-schema-graph\">{\"@context\":\"https:\\\/\\\/schema.org\",\"@graph\":[{\"@type\":\"WebPage\",\"@id\":\"https:\\\/\\\/skinbodycaree.com\\\/produit\\\/necessaire-serum-corps\\\/\",\"url\":\"https:\\\/\\\/skinbodycaree.com\\\/produit\\\/necessaire-serum-corps\\\/\",\"name\":\"N\u00e9cessaire serum corps - SkinBodyCare\",\"isPartOf\":{\"@id\":\"https:\\\/\\\/skinbodycaree.com\\\/#website\"},\"primaryImageOfPage\":{\"@id\":\"https:\\\/\\\/skinbodycaree.com\\\/produit\\\/necessaire-serum-corps\\\/#primaryimage\"},\"image\":{\"@id\":\"https:\\\/\\\/skinbodycaree.com\\\/produit\\\/necessaire-serum-corps\\\/#primaryimage\"},\"thumbnailUrl\":\"https:\\\/\\\/skinbodycaree.com\\\/wp-content\\\/uploads\\\/2024\\\/04\\\/img_8290.jpeg\",\"datePublished\":\"2024-04-25T16:11:23+00:00\",\"dateModified\":\"2024-05-20T00:57:55+00:00\",\"breadcrumb\":{\"@id\":\"https:\\\/\\\/skinbodycaree.com\\\/produit\\\/necessaire-serum-corps\\\/#breadcrumb\"},\"inLanguage\":\"en-US\",\"potentialAction\":[{\"@type\":\"ReadAction\",\"target\":[\"https:\\\/\\\/skinbodycaree.com\\\/produit\\\/necessaire-serum-corps\\\/\"]}]},{\"@type\":\"ImageObject\",\"inLanguage\":\"en-US\",\"@id\":\"https:\\\/\\\/skinbodycaree.com\\\/produit\\\/necessaire-serum-corps\\\/#primaryimage\",\"url\":\"https:\\\/\\\/skinbodycaree.com\\\/wp-content\\\/uploads\\\/2024\\\/04\\\/img_8290.jpeg\",\"contentUrl\":\"https:\\\/\\\/skinbodycaree.com\\\/wp-content\\\/uploads\\\/2024\\\/04\\\/img_8290.jpeg\",\"width\":1116,\"height\":1302},{\"@type\":\"BreadcrumbList\",\"@id\":\"https:\\\/\\\/skinbodycaree.com\\\/produit\\\/necessaire-serum-corps\\\/#breadcrumb\",\"itemListElement\":[{\"@type\":\"ListItem\",\"position\":1,\"name\":\"Accueil\",\"item\":\"https:\\\/\\\/skinbodycaree.com\\\/\"},{\"@type\":\"ListItem\",\"position\":2,\"name\":\"Boutique\",\"item\":\"https:\\\/\\\/skinbodycaree.com\\\/shop\\\/\"},{\"@type\":\"ListItem\",\"position\":3,\"name\":\"N\u00e9cessaire serum corps\"}]},{\"@type\":\"WebSite\",\"@id\":\"https:\\\/\\\/skinbodycaree.com\\\/#website\",\"url\":\"https:\\\/\\\/skinbodycaree.com\\\/\",\"name\":\"SkinBodyCare\",\"description\":\"Because Your Skin Deserves Better\",\"potentialAction\":[{\"@type\":\"SearchAction\",\"target\":{\"@type\":\"EntryPoint\",\"urlTemplate\":\"https:\\\/\\\/skinbodycaree.com\\\/?s={search_term_string}\"},\"query-input\":{\"@type\":\"PropertyValueSpecification\",\"valueRequired\":true,\"valueName\":\"search_term_string\"}}],\"inLanguage\":\"en-US\"}]}<\/script>\n<!-- \/ Yoast SEO plugin. -->","yoast_head_json":{"title":"N\u00e9cessaire serum corps - SkinBodyCare","robots":{"index":"index","follow":"follow","max-snippet":"max-snippet:-1","max-image-preview":"max-image-preview:large","max-video-preview":"max-video-preview:-1"},"canonical":"https:\/\/skinbodycaree.com\/en\/product\/necessaire-serum-corps\/","og_locale":"en_US","og_type":"article","og_title":"N\u00e9cessaire serum corps - SkinBodyCare","og_description":"Le s\u00e9rum pour le corps est un s\u00e9rum hydratant pour la peau. Ce s\u00e9rum clinique en gel est infus\u00e9 de 5 poids mol\u00e9culaires d&rsquo;acide hyaluronique pur et de niacinamide pour hydrater, reconstituer et repulper la peau. Test\u00e9 par des dermatologues. Hypoallerg\u00e9nique. Non com\u00e9dog\u00e8ne. Le s\u00e9rum pour le corps est emball\u00e9 dans notre emballage airless signatureRead More","og_url":"https:\/\/skinbodycaree.com\/en\/product\/necessaire-serum-corps\/","og_site_name":"SkinBodyCare","article_modified_time":"2024-05-20T00:57:55+00:00","og_image":[{"width":1116,"height":1302,"url":"https:\/\/skinbodycaree.com\/wp-content\/uploads\/2024\/04\/img_8290.jpeg","type":"image\/jpeg"}],"twitter_card":"summary_large_image","twitter_misc":{"Est. reading time":"1 minute"},"schema":{"@context":"https:\/\/schema.org","@graph":[{"@type":"WebPage","@id":"https:\/\/skinbodycaree.com\/produit\/necessaire-serum-corps\/","url":"https:\/\/skinbodycaree.com\/produit\/necessaire-serum-corps\/","name":"N\u00e9cessaire serum corps - SkinBodyCare","isPartOf":{"@id":"https:\/\/skinbodycaree.com\/#website"},"primaryImageOfPage":{"@id":"https:\/\/skinbodycaree.com\/produit\/necessaire-serum-corps\/#primaryimage"},"image":{"@id":"https:\/\/skinbodycaree.com\/produit\/necessaire-serum-corps\/#primaryimage"},"thumbnailUrl":"https:\/\/skinbodycaree.com\/wp-content\/uploads\/2024\/04\/img_8290.jpeg","datePublished":"2024-04-25T16:11:23+00:00","dateModified":"2024-05-20T00:57:55+00:00","breadcrumb":{"@id":"https:\/\/skinbodycaree.com\/produit\/necessaire-serum-corps\/#breadcrumb"},"inLanguage":"en-US","potentialAction":[{"@type":"ReadAction","target":["https:\/\/skinbodycaree.com\/produit\/necessaire-serum-corps\/"]}]},{"@type":"ImageObject","inLanguage":"en-US","@id":"https:\/\/skinbodycaree.com\/produit\/necessaire-serum-corps\/#primaryimage","url":"https:\/\/skinbodycaree.com\/wp-content\/uploads\/2024\/04\/img_8290.jpeg","contentUrl":"https:\/\/skinbodycaree.com\/wp-content\/uploads\/2024\/04\/img_8290.jpeg","width":1116,"height":1302},{"@type":"BreadcrumbList","@id":"https:\/\/skinbodycaree.com\/produit\/necessaire-serum-corps\/#breadcrumb","itemListElement":[{"@type":"ListItem","position":1,"name":"Accueil","item":"https:\/\/skinbodycaree.com\/"},{"@type":"ListItem","position":2,"name":"Boutique","item":"https:\/\/skinbodycaree.com\/shop\/"},{"@type":"ListItem","position":3,"name":"N\u00e9cessaire serum corps"}]},{"@type":"WebSite","@id":"https:\/\/skinbodycaree.com\/#website","url":"https:\/\/skinbodycaree.com\/","name":"SkinBodyCare","description":"Because Your Skin Deserves Better","potentialAction":[{"@type":"SearchAction","target":{"@type":"EntryPoint","urlTemplate":"https:\/\/skinbodycaree.com\/?s={search_term_string}"},"query-input":{"@type":"PropertyValueSpecification","valueRequired":true,"valueName":"search_term_string"}}],"inLanguage":"en-US"}]}},"_links":{"self":[{"href":"https:\/\/skinbodycaree.com\/en\/wp-json\/wp\/v2\/product\/4009","targetHints":{"allow":["GET"]}}],"collection":[{"href":"https:\/\/skinbodycaree.com\/en\/wp-json\/wp\/v2\/product"}],"about":[{"href":"https:\/\/skinbodycaree.com\/en\/wp-json\/wp\/v2\/types\/product"}],"wp:featuredmedia":[{"embeddable":true,"href":"https:\/\/skinbodycaree.com\/en\/wp-json\/wp\/v2\/media\/4008"}],"wp:attachment":[{"href":"https:\/\/skinbodycaree.com\/en\/wp-json\/wp\/v2\/media?parent=4009"}],"wp:term":[{"taxonomy":"product_cat","embeddable":true,"href":"https:\/\/skinbodycaree.com\/en\/wp-json\/wp\/v2\/product_cat?post=4009"},{"taxonomy":"product_tag","embeddable":true,"href":"https:\/\/skinbodycaree.com\/en\/wp-json\/wp\/v2\/product_tag?post=4009"}],"curies":[{"name":"wp","href":"https:\/\/api.w.org\/{rel}","templated":true}]}}