{"id":2809,"date":"2023-12-05T16:35:48","date_gmt":"2023-12-05T16:35:48","guid":{"rendered":"https:\/\/skinbodycaree.com\/?post_type=product&#038;p=2809"},"modified":"2025-10-01T22:34:46","modified_gmt":"2025-10-01T22:34:46","slug":"vaseline-cocoa-radiant","status":"publish","type":"product","link":"https:\/\/skinbodycaree.com\/en\/product\/vaseline-cocoa-radiant\/","title":{"rendered":"Vaseline Cocoa Radiant"},"content":{"rendered":"<p>Cette huile pour le corps hydrate la peau s\u00e8che et terne pour une peau visiblement saine et \u00e9clatante. Notre formule hydratante revitalisante pour la peau, infus\u00e9e de beurre de cacao pur \u00e0 100 % et d&rsquo;huiles de r\u00e9avitation, retient l&rsquo;humidit\u00e9 pour favoriser un \u00e9clat lisse et naturel. Avec un doux parfum de cacao, cette huile pour le corps est l&rsquo;hydratant id\u00e9al pour soulager la s\u00e9cheresse quotidienne, ainsi que pour apaiser les irritations. Une peau lisse et hydrat\u00e9e peut \u00eatre la v\u00f4tre avec Vaseline Intensive Care Cocoa Radiant Body Oil. La lotion hydratante \u00e0 la vaseline va au-del\u00e0 de l&rsquo;hydratation de base<\/p>","protected":false},"excerpt":{"rendered":"<p>Cette huile pour le corps hydrate la peau s\u00e8che et terne pour une peau visiblement saine et \u00e9clatante. Notre formule hydratante revitalisante pour la peau, infus\u00e9e de beurre de cacao pur \u00e0 100 % et d&rsquo;huiles de r\u00e9avitation, retient l&rsquo;humidit\u00e9 pour favoriser un \u00e9clat lisse et naturel. Avec un doux parfum de cacao, cette huile<\/p>\n<div class=\"klb-readmore entry-button\"><a class=\"button light alt medium\" href=\"https:\/\/skinbodycaree.com\/en\/product\/vaseline-cocoa-radiant\/\">Read More<\/a><\/div>","protected":false},"featured_media":2810,"template":"","meta":[],"product_cat":[59,79],"product_tag":[],"class_list":["post-2809","product","type-product","status-publish","has-post-thumbnail","hentry","product_cat-corps","product_cat-hydratants-corps"],"yoast_head":"<!-- This site is optimized with the Yoast SEO plugin v27.3 - https:\/\/yoast.com\/product\/yoast-seo-wordpress\/ -->\n<title>Vaseline Cocoa Radiant - SkinBodyCare<\/title>\n<meta name=\"robots\" content=\"index, follow, max-snippet:-1, max-image-preview:large, max-video-preview:-1\" \/>\n<link rel=\"canonical\" href=\"https:\/\/skinbodycaree.com\/en\/product\/vaseline-cocoa-radiant\/\" \/>\n<meta property=\"og:locale\" content=\"en_US\" \/>\n<meta property=\"og:type\" content=\"article\" \/>\n<meta property=\"og:title\" content=\"Vaseline Cocoa Radiant - SkinBodyCare\" \/>\n<meta property=\"og:description\" content=\"Cette huile pour le corps hydrate la peau s\u00e8che et terne pour une peau visiblement saine et \u00e9clatante. Notre formule hydratante revitalisante pour la peau, infus\u00e9e de beurre de cacao pur \u00e0 100 % et d&rsquo;huiles de r\u00e9avitation, retient l&rsquo;humidit\u00e9 pour favoriser un \u00e9clat lisse et naturel. Avec un doux parfum de cacao, cette huileRead More\" \/>\n<meta property=\"og:url\" content=\"https:\/\/skinbodycaree.com\/en\/product\/vaseline-cocoa-radiant\/\" \/>\n<meta property=\"og:site_name\" content=\"SkinBodyCare\" \/>\n<meta property=\"article:modified_time\" content=\"2025-10-01T22:34:46+00:00\" \/>\n<meta property=\"og:image\" content=\"https:\/\/skinbodycaree.com\/wp-content\/uploads\/2023\/12\/vaseline-cocoa-radiant.webp\" \/>\n\t<meta property=\"og:image:width\" content=\"768\" \/>\n\t<meta property=\"og:image:height\" content=\"783\" \/>\n\t<meta property=\"og:image:type\" content=\"image\/webp\" \/>\n<meta name=\"twitter:card\" content=\"summary_large_image\" \/>\n<meta name=\"twitter:label1\" content=\"Est. reading time\" \/>\n\t<meta name=\"twitter:data1\" content=\"1 minute\" \/>\n<script type=\"application\/ld+json\" class=\"yoast-schema-graph\">{\"@context\":\"https:\\\/\\\/schema.org\",\"@graph\":[{\"@type\":\"WebPage\",\"@id\":\"https:\\\/\\\/skinbodycaree.com\\\/produit\\\/vaseline-cocoa-radiant\\\/\",\"url\":\"https:\\\/\\\/skinbodycaree.com\\\/produit\\\/vaseline-cocoa-radiant\\\/\",\"name\":\"Vaseline Cocoa Radiant - SkinBodyCare\",\"isPartOf\":{\"@id\":\"https:\\\/\\\/skinbodycaree.com\\\/#website\"},\"primaryImageOfPage\":{\"@id\":\"https:\\\/\\\/skinbodycaree.com\\\/produit\\\/vaseline-cocoa-radiant\\\/#primaryimage\"},\"image\":{\"@id\":\"https:\\\/\\\/skinbodycaree.com\\\/produit\\\/vaseline-cocoa-radiant\\\/#primaryimage\"},\"thumbnailUrl\":\"https:\\\/\\\/skinbodycaree.com\\\/wp-content\\\/uploads\\\/2023\\\/12\\\/vaseline-cocoa-radiant.webp\",\"datePublished\":\"2023-12-05T16:35:48+00:00\",\"dateModified\":\"2025-10-01T22:34:46+00:00\",\"breadcrumb\":{\"@id\":\"https:\\\/\\\/skinbodycaree.com\\\/produit\\\/vaseline-cocoa-radiant\\\/#breadcrumb\"},\"inLanguage\":\"en-US\",\"potentialAction\":[{\"@type\":\"ReadAction\",\"target\":[\"https:\\\/\\\/skinbodycaree.com\\\/produit\\\/vaseline-cocoa-radiant\\\/\"]}]},{\"@type\":\"ImageObject\",\"inLanguage\":\"en-US\",\"@id\":\"https:\\\/\\\/skinbodycaree.com\\\/produit\\\/vaseline-cocoa-radiant\\\/#primaryimage\",\"url\":\"https:\\\/\\\/skinbodycaree.com\\\/wp-content\\\/uploads\\\/2023\\\/12\\\/vaseline-cocoa-radiant.webp\",\"contentUrl\":\"https:\\\/\\\/skinbodycaree.com\\\/wp-content\\\/uploads\\\/2023\\\/12\\\/vaseline-cocoa-radiant.webp\",\"width\":768,\"height\":783},{\"@type\":\"BreadcrumbList\",\"@id\":\"https:\\\/\\\/skinbodycaree.com\\\/produit\\\/vaseline-cocoa-radiant\\\/#breadcrumb\",\"itemListElement\":[{\"@type\":\"ListItem\",\"position\":1,\"name\":\"Accueil\",\"item\":\"https:\\\/\\\/skinbodycaree.com\\\/\"},{\"@type\":\"ListItem\",\"position\":2,\"name\":\"Boutique\",\"item\":\"https:\\\/\\\/skinbodycaree.com\\\/shop\\\/\"},{\"@type\":\"ListItem\",\"position\":3,\"name\":\"Vaseline Cocoa Radiant\"}]},{\"@type\":\"WebSite\",\"@id\":\"https:\\\/\\\/skinbodycaree.com\\\/#website\",\"url\":\"https:\\\/\\\/skinbodycaree.com\\\/\",\"name\":\"SkinBodyCare\",\"description\":\"Because Your Skin Deserves Better\",\"potentialAction\":[{\"@type\":\"SearchAction\",\"target\":{\"@type\":\"EntryPoint\",\"urlTemplate\":\"https:\\\/\\\/skinbodycaree.com\\\/?s={search_term_string}\"},\"query-input\":{\"@type\":\"PropertyValueSpecification\",\"valueRequired\":true,\"valueName\":\"search_term_string\"}}],\"inLanguage\":\"en-US\"}]}<\/script>\n<!-- \/ Yoast SEO plugin. -->","yoast_head_json":{"title":"Vaseline Cocoa Radiant - SkinBodyCare","robots":{"index":"index","follow":"follow","max-snippet":"max-snippet:-1","max-image-preview":"max-image-preview:large","max-video-preview":"max-video-preview:-1"},"canonical":"https:\/\/skinbodycaree.com\/en\/product\/vaseline-cocoa-radiant\/","og_locale":"en_US","og_type":"article","og_title":"Vaseline Cocoa Radiant - SkinBodyCare","og_description":"Cette huile pour le corps hydrate la peau s\u00e8che et terne pour une peau visiblement saine et \u00e9clatante. Notre formule hydratante revitalisante pour la peau, infus\u00e9e de beurre de cacao pur \u00e0 100 % et d&rsquo;huiles de r\u00e9avitation, retient l&rsquo;humidit\u00e9 pour favoriser un \u00e9clat lisse et naturel. Avec un doux parfum de cacao, cette huileRead More","og_url":"https:\/\/skinbodycaree.com\/en\/product\/vaseline-cocoa-radiant\/","og_site_name":"SkinBodyCare","article_modified_time":"2025-10-01T22:34:46+00:00","og_image":[{"width":768,"height":783,"url":"https:\/\/skinbodycaree.com\/wp-content\/uploads\/2023\/12\/vaseline-cocoa-radiant.webp","type":"image\/webp"}],"twitter_card":"summary_large_image","twitter_misc":{"Est. reading time":"1 minute"},"schema":{"@context":"https:\/\/schema.org","@graph":[{"@type":"WebPage","@id":"https:\/\/skinbodycaree.com\/produit\/vaseline-cocoa-radiant\/","url":"https:\/\/skinbodycaree.com\/produit\/vaseline-cocoa-radiant\/","name":"Vaseline Cocoa Radiant - SkinBodyCare","isPartOf":{"@id":"https:\/\/skinbodycaree.com\/#website"},"primaryImageOfPage":{"@id":"https:\/\/skinbodycaree.com\/produit\/vaseline-cocoa-radiant\/#primaryimage"},"image":{"@id":"https:\/\/skinbodycaree.com\/produit\/vaseline-cocoa-radiant\/#primaryimage"},"thumbnailUrl":"https:\/\/skinbodycaree.com\/wp-content\/uploads\/2023\/12\/vaseline-cocoa-radiant.webp","datePublished":"2023-12-05T16:35:48+00:00","dateModified":"2025-10-01T22:34:46+00:00","breadcrumb":{"@id":"https:\/\/skinbodycaree.com\/produit\/vaseline-cocoa-radiant\/#breadcrumb"},"inLanguage":"en-US","potentialAction":[{"@type":"ReadAction","target":["https:\/\/skinbodycaree.com\/produit\/vaseline-cocoa-radiant\/"]}]},{"@type":"ImageObject","inLanguage":"en-US","@id":"https:\/\/skinbodycaree.com\/produit\/vaseline-cocoa-radiant\/#primaryimage","url":"https:\/\/skinbodycaree.com\/wp-content\/uploads\/2023\/12\/vaseline-cocoa-radiant.webp","contentUrl":"https:\/\/skinbodycaree.com\/wp-content\/uploads\/2023\/12\/vaseline-cocoa-radiant.webp","width":768,"height":783},{"@type":"BreadcrumbList","@id":"https:\/\/skinbodycaree.com\/produit\/vaseline-cocoa-radiant\/#breadcrumb","itemListElement":[{"@type":"ListItem","position":1,"name":"Accueil","item":"https:\/\/skinbodycaree.com\/"},{"@type":"ListItem","position":2,"name":"Boutique","item":"https:\/\/skinbodycaree.com\/shop\/"},{"@type":"ListItem","position":3,"name":"Vaseline Cocoa Radiant"}]},{"@type":"WebSite","@id":"https:\/\/skinbodycaree.com\/#website","url":"https:\/\/skinbodycaree.com\/","name":"SkinBodyCare","description":"Because Your Skin Deserves Better","potentialAction":[{"@type":"SearchAction","target":{"@type":"EntryPoint","urlTemplate":"https:\/\/skinbodycaree.com\/?s={search_term_string}"},"query-input":{"@type":"PropertyValueSpecification","valueRequired":true,"valueName":"search_term_string"}}],"inLanguage":"en-US"}]}},"_links":{"self":[{"href":"https:\/\/skinbodycaree.com\/en\/wp-json\/wp\/v2\/product\/2809","targetHints":{"allow":["GET"]}}],"collection":[{"href":"https:\/\/skinbodycaree.com\/en\/wp-json\/wp\/v2\/product"}],"about":[{"href":"https:\/\/skinbodycaree.com\/en\/wp-json\/wp\/v2\/types\/product"}],"wp:featuredmedia":[{"embeddable":true,"href":"https:\/\/skinbodycaree.com\/en\/wp-json\/wp\/v2\/media\/2810"}],"wp:attachment":[{"href":"https:\/\/skinbodycaree.com\/en\/wp-json\/wp\/v2\/media?parent=2809"}],"wp:term":[{"taxonomy":"product_cat","embeddable":true,"href":"https:\/\/skinbodycaree.com\/en\/wp-json\/wp\/v2\/product_cat?post=2809"},{"taxonomy":"product_tag","embeddable":true,"href":"https:\/\/skinbodycaree.com\/en\/wp-json\/wp\/v2\/product_tag?post=2809"}],"curies":[{"name":"wp","href":"https:\/\/api.w.org\/{rel}","templated":true}]}}