{"id":2640,"date":"2023-12-05T01:19:03","date_gmt":"2023-12-05T01:19:03","guid":{"rendered":"https:\/\/skinbodycaree.com\/?post_type=product&#038;p=2640"},"modified":"2024-04-27T16:21:03","modified_gmt":"2024-04-27T16:21:03","slug":"milky-hydrating-face-toner-with-snow-mushroom-hyaluronic-acid","status":"publish","type":"product","link":"https:\/\/skinbodycaree.com\/en\/product\/milky-hydrating-face-toner-with-snow-mushroom-hyaluronic-acid\/","title":{"rendered":"Thayers Milky Hydrating Toner Snow Mushroom &amp; Hyaluronic Acid"},"content":{"rendered":"<p>Thayers Milky Hydrating Toner aide la peau \u00e0 se sentir coussin\u00e9e tout en \u00e9liminant les impuret\u00e9s et donne \u00e0 la peau 48 heures d&rsquo;hydratation. Ce tonique pour le visage laiteux et \u00e9quilibr\u00e9 au pH aide \u00e0 tonifier la peau sans perturber sa barri\u00e8re \u00e0 l&rsquo;humidit\u00e9. La formule de tonique hydratant doux et cr\u00e9meux pour le visage, m\u00e9lang\u00e9e \u00e0 des champignons des neiges, de l&rsquo;acide hyaluronique et de l&rsquo;eau de fleur de sureau, s&rsquo;impr\u00e9te dans la peau, hydratant toute la journ\u00e9e et augmentant les niveaux d&rsquo;humidit\u00e9 de 35 %*. Thayers Face Toner offre 48 heures d&rsquo;hydratation, m\u00eame sans hydratant. Doux pour la peau, ce tonique pour le visage sensible est sans alcool et non sec, il laisse la peau lisse, r\u00e9confort\u00e9e et pr\u00e9par\u00e9e pour la prochaine \u00e9tape de votre routine.<\/p>","protected":false},"excerpt":{"rendered":"<p>Thayers Milky Hydrating Toner aide la peau \u00e0 se sentir coussin\u00e9e tout en \u00e9liminant les impuret\u00e9s et donne \u00e0 la peau 48 heures d&rsquo;hydratation. Ce tonique pour le visage laiteux et \u00e9quilibr\u00e9 au pH aide \u00e0 tonifier la peau sans perturber sa barri\u00e8re \u00e0 l&rsquo;humidit\u00e9. La formule de tonique hydratant doux et cr\u00e9meux pour le<\/p>\n<div class=\"klb-readmore entry-button\"><a class=\"button light alt medium\" href=\"https:\/\/skinbodycaree.com\/en\/product\/milky-hydrating-face-toner-with-snow-mushroom-hyaluronic-acid\/\">Read More<\/a><\/div>","protected":false},"featured_media":2641,"template":"","meta":[],"product_cat":[76,42],"product_tag":[],"class_list":["post-2640","product","type-product","status-publish","has-post-thumbnail","hentry","product_cat-lotions-essence-toner","product_cat-visage"],"yoast_head":"<!-- This site is optimized with the Yoast SEO plugin v27.3 - https:\/\/yoast.com\/product\/yoast-seo-wordpress\/ -->\n<title>Thayers Milky Hydrating Toner Snow Mushroom &amp; Hyaluronic Acid - SkinBodyCare<\/title>\n<meta name=\"robots\" content=\"index, follow, max-snippet:-1, max-image-preview:large, max-video-preview:-1\" \/>\n<link rel=\"canonical\" href=\"https:\/\/skinbodycaree.com\/en\/product\/milky-hydrating-face-toner-with-snow-mushroom-hyaluronic-acid\/\" \/>\n<meta property=\"og:locale\" content=\"en_US\" \/>\n<meta property=\"og:type\" content=\"article\" \/>\n<meta property=\"og:title\" content=\"Thayers Milky Hydrating Toner Snow Mushroom &amp; Hyaluronic Acid - SkinBodyCare\" \/>\n<meta property=\"og:description\" content=\"Thayers Milky Hydrating Toner aide la peau \u00e0 se sentir coussin\u00e9e tout en \u00e9liminant les impuret\u00e9s et donne \u00e0 la peau 48 heures d&rsquo;hydratation. Ce tonique pour le visage laiteux et \u00e9quilibr\u00e9 au pH aide \u00e0 tonifier la peau sans perturber sa barri\u00e8re \u00e0 l&rsquo;humidit\u00e9. La formule de tonique hydratant doux et cr\u00e9meux pour leRead More\" \/>\n<meta property=\"og:url\" content=\"https:\/\/skinbodycaree.com\/en\/product\/milky-hydrating-face-toner-with-snow-mushroom-hyaluronic-acid\/\" \/>\n<meta property=\"og:site_name\" content=\"SkinBodyCare\" \/>\n<meta property=\"article:modified_time\" content=\"2024-04-27T16:21:03+00:00\" \/>\n<meta property=\"og:image\" content=\"https:\/\/skinbodycaree.com\/wp-content\/uploads\/2023\/12\/milky-hydrating-face-toner-with-snow-mushroom-hyaluronic-acid.webp\" \/>\n\t<meta property=\"og:image:width\" content=\"768\" \/>\n\t<meta property=\"og:image:height\" content=\"783\" \/>\n\t<meta property=\"og:image:type\" content=\"image\/webp\" \/>\n<meta name=\"twitter:card\" content=\"summary_large_image\" \/>\n<meta name=\"twitter:label1\" content=\"Est. reading time\" \/>\n\t<meta name=\"twitter:data1\" content=\"1 minute\" \/>\n<script type=\"application\/ld+json\" class=\"yoast-schema-graph\">{\"@context\":\"https:\\\/\\\/schema.org\",\"@graph\":[{\"@type\":\"WebPage\",\"@id\":\"https:\\\/\\\/skinbodycaree.com\\\/produit\\\/milky-hydrating-face-toner-with-snow-mushroom-hyaluronic-acid\\\/\",\"url\":\"https:\\\/\\\/skinbodycaree.com\\\/produit\\\/milky-hydrating-face-toner-with-snow-mushroom-hyaluronic-acid\\\/\",\"name\":\"Thayers Milky Hydrating Toner Snow Mushroom &amp; Hyaluronic Acid - SkinBodyCare\",\"isPartOf\":{\"@id\":\"https:\\\/\\\/skinbodycaree.com\\\/#website\"},\"primaryImageOfPage\":{\"@id\":\"https:\\\/\\\/skinbodycaree.com\\\/produit\\\/milky-hydrating-face-toner-with-snow-mushroom-hyaluronic-acid\\\/#primaryimage\"},\"image\":{\"@id\":\"https:\\\/\\\/skinbodycaree.com\\\/produit\\\/milky-hydrating-face-toner-with-snow-mushroom-hyaluronic-acid\\\/#primaryimage\"},\"thumbnailUrl\":\"https:\\\/\\\/skinbodycaree.com\\\/wp-content\\\/uploads\\\/2023\\\/12\\\/milky-hydrating-face-toner-with-snow-mushroom-hyaluronic-acid.webp\",\"datePublished\":\"2023-12-05T01:19:03+00:00\",\"dateModified\":\"2024-04-27T16:21:03+00:00\",\"breadcrumb\":{\"@id\":\"https:\\\/\\\/skinbodycaree.com\\\/produit\\\/milky-hydrating-face-toner-with-snow-mushroom-hyaluronic-acid\\\/#breadcrumb\"},\"inLanguage\":\"en-US\",\"potentialAction\":[{\"@type\":\"ReadAction\",\"target\":[\"https:\\\/\\\/skinbodycaree.com\\\/produit\\\/milky-hydrating-face-toner-with-snow-mushroom-hyaluronic-acid\\\/\"]}]},{\"@type\":\"ImageObject\",\"inLanguage\":\"en-US\",\"@id\":\"https:\\\/\\\/skinbodycaree.com\\\/produit\\\/milky-hydrating-face-toner-with-snow-mushroom-hyaluronic-acid\\\/#primaryimage\",\"url\":\"https:\\\/\\\/skinbodycaree.com\\\/wp-content\\\/uploads\\\/2023\\\/12\\\/milky-hydrating-face-toner-with-snow-mushroom-hyaluronic-acid.webp\",\"contentUrl\":\"https:\\\/\\\/skinbodycaree.com\\\/wp-content\\\/uploads\\\/2023\\\/12\\\/milky-hydrating-face-toner-with-snow-mushroom-hyaluronic-acid.webp\",\"width\":768,\"height\":783},{\"@type\":\"BreadcrumbList\",\"@id\":\"https:\\\/\\\/skinbodycaree.com\\\/produit\\\/milky-hydrating-face-toner-with-snow-mushroom-hyaluronic-acid\\\/#breadcrumb\",\"itemListElement\":[{\"@type\":\"ListItem\",\"position\":1,\"name\":\"Accueil\",\"item\":\"https:\\\/\\\/skinbodycaree.com\\\/\"},{\"@type\":\"ListItem\",\"position\":2,\"name\":\"Boutique\",\"item\":\"https:\\\/\\\/skinbodycaree.com\\\/shop\\\/\"},{\"@type\":\"ListItem\",\"position\":3,\"name\":\"Thayers Milky Hydrating Toner Snow Mushroom &amp; Hyaluronic Acid\"}]},{\"@type\":\"WebSite\",\"@id\":\"https:\\\/\\\/skinbodycaree.com\\\/#website\",\"url\":\"https:\\\/\\\/skinbodycaree.com\\\/\",\"name\":\"SkinBodyCare\",\"description\":\"Because Your Skin Deserves Better\",\"potentialAction\":[{\"@type\":\"SearchAction\",\"target\":{\"@type\":\"EntryPoint\",\"urlTemplate\":\"https:\\\/\\\/skinbodycaree.com\\\/?s={search_term_string}\"},\"query-input\":{\"@type\":\"PropertyValueSpecification\",\"valueRequired\":true,\"valueName\":\"search_term_string\"}}],\"inLanguage\":\"en-US\"}]}<\/script>\n<!-- \/ Yoast SEO plugin. -->","yoast_head_json":{"title":"Thayers Milky Hydrating Toner Snow Mushroom &amp; Hyaluronic Acid - SkinBodyCare","robots":{"index":"index","follow":"follow","max-snippet":"max-snippet:-1","max-image-preview":"max-image-preview:large","max-video-preview":"max-video-preview:-1"},"canonical":"https:\/\/skinbodycaree.com\/en\/product\/milky-hydrating-face-toner-with-snow-mushroom-hyaluronic-acid\/","og_locale":"en_US","og_type":"article","og_title":"Thayers Milky Hydrating Toner Snow Mushroom &amp; Hyaluronic Acid - SkinBodyCare","og_description":"Thayers Milky Hydrating Toner aide la peau \u00e0 se sentir coussin\u00e9e tout en \u00e9liminant les impuret\u00e9s et donne \u00e0 la peau 48 heures d&rsquo;hydratation. Ce tonique pour le visage laiteux et \u00e9quilibr\u00e9 au pH aide \u00e0 tonifier la peau sans perturber sa barri\u00e8re \u00e0 l&rsquo;humidit\u00e9. La formule de tonique hydratant doux et cr\u00e9meux pour leRead More","og_url":"https:\/\/skinbodycaree.com\/en\/product\/milky-hydrating-face-toner-with-snow-mushroom-hyaluronic-acid\/","og_site_name":"SkinBodyCare","article_modified_time":"2024-04-27T16:21:03+00:00","og_image":[{"width":768,"height":783,"url":"https:\/\/skinbodycaree.com\/wp-content\/uploads\/2023\/12\/milky-hydrating-face-toner-with-snow-mushroom-hyaluronic-acid.webp","type":"image\/webp"}],"twitter_card":"summary_large_image","twitter_misc":{"Est. reading time":"1 minute"},"schema":{"@context":"https:\/\/schema.org","@graph":[{"@type":"WebPage","@id":"https:\/\/skinbodycaree.com\/produit\/milky-hydrating-face-toner-with-snow-mushroom-hyaluronic-acid\/","url":"https:\/\/skinbodycaree.com\/produit\/milky-hydrating-face-toner-with-snow-mushroom-hyaluronic-acid\/","name":"Thayers Milky Hydrating Toner Snow Mushroom &amp; Hyaluronic Acid - SkinBodyCare","isPartOf":{"@id":"https:\/\/skinbodycaree.com\/#website"},"primaryImageOfPage":{"@id":"https:\/\/skinbodycaree.com\/produit\/milky-hydrating-face-toner-with-snow-mushroom-hyaluronic-acid\/#primaryimage"},"image":{"@id":"https:\/\/skinbodycaree.com\/produit\/milky-hydrating-face-toner-with-snow-mushroom-hyaluronic-acid\/#primaryimage"},"thumbnailUrl":"https:\/\/skinbodycaree.com\/wp-content\/uploads\/2023\/12\/milky-hydrating-face-toner-with-snow-mushroom-hyaluronic-acid.webp","datePublished":"2023-12-05T01:19:03+00:00","dateModified":"2024-04-27T16:21:03+00:00","breadcrumb":{"@id":"https:\/\/skinbodycaree.com\/produit\/milky-hydrating-face-toner-with-snow-mushroom-hyaluronic-acid\/#breadcrumb"},"inLanguage":"en-US","potentialAction":[{"@type":"ReadAction","target":["https:\/\/skinbodycaree.com\/produit\/milky-hydrating-face-toner-with-snow-mushroom-hyaluronic-acid\/"]}]},{"@type":"ImageObject","inLanguage":"en-US","@id":"https:\/\/skinbodycaree.com\/produit\/milky-hydrating-face-toner-with-snow-mushroom-hyaluronic-acid\/#primaryimage","url":"https:\/\/skinbodycaree.com\/wp-content\/uploads\/2023\/12\/milky-hydrating-face-toner-with-snow-mushroom-hyaluronic-acid.webp","contentUrl":"https:\/\/skinbodycaree.com\/wp-content\/uploads\/2023\/12\/milky-hydrating-face-toner-with-snow-mushroom-hyaluronic-acid.webp","width":768,"height":783},{"@type":"BreadcrumbList","@id":"https:\/\/skinbodycaree.com\/produit\/milky-hydrating-face-toner-with-snow-mushroom-hyaluronic-acid\/#breadcrumb","itemListElement":[{"@type":"ListItem","position":1,"name":"Accueil","item":"https:\/\/skinbodycaree.com\/"},{"@type":"ListItem","position":2,"name":"Boutique","item":"https:\/\/skinbodycaree.com\/shop\/"},{"@type":"ListItem","position":3,"name":"Thayers Milky Hydrating Toner Snow Mushroom &amp; Hyaluronic Acid"}]},{"@type":"WebSite","@id":"https:\/\/skinbodycaree.com\/#website","url":"https:\/\/skinbodycaree.com\/","name":"SkinBodyCare","description":"Because Your Skin Deserves Better","potentialAction":[{"@type":"SearchAction","target":{"@type":"EntryPoint","urlTemplate":"https:\/\/skinbodycaree.com\/?s={search_term_string}"},"query-input":{"@type":"PropertyValueSpecification","valueRequired":true,"valueName":"search_term_string"}}],"inLanguage":"en-US"}]}},"_links":{"self":[{"href":"https:\/\/skinbodycaree.com\/en\/wp-json\/wp\/v2\/product\/2640","targetHints":{"allow":["GET"]}}],"collection":[{"href":"https:\/\/skinbodycaree.com\/en\/wp-json\/wp\/v2\/product"}],"about":[{"href":"https:\/\/skinbodycaree.com\/en\/wp-json\/wp\/v2\/types\/product"}],"wp:featuredmedia":[{"embeddable":true,"href":"https:\/\/skinbodycaree.com\/en\/wp-json\/wp\/v2\/media\/2641"}],"wp:attachment":[{"href":"https:\/\/skinbodycaree.com\/en\/wp-json\/wp\/v2\/media?parent=2640"}],"wp:term":[{"taxonomy":"product_cat","embeddable":true,"href":"https:\/\/skinbodycaree.com\/en\/wp-json\/wp\/v2\/product_cat?post=2640"},{"taxonomy":"product_tag","embeddable":true,"href":"https:\/\/skinbodycaree.com\/en\/wp-json\/wp\/v2\/product_tag?post=2640"}],"curies":[{"name":"wp","href":"https:\/\/api.w.org\/{rel}","templated":true}]}}