{"id":2622,"date":"2023-12-05T00:54:19","date_gmt":"2023-12-05T00:54:19","guid":{"rendered":"https:\/\/skinbodycaree.com\/?post_type=product&#038;p=2622"},"modified":"2026-02-14T20:56:05","modified_gmt":"2026-02-14T20:56:05","slug":"aqua-label-brightining-care-lotion-moist","status":"publish","type":"product","link":"https:\/\/skinbodycaree.com\/en\/product\/aqua-label-brightining-care-lotion-moist\/","title":{"rendered":"Shiseido Brightening Lotion"},"content":{"rendered":"<p>Shiseido Aqualabel Lotion est un tonique japonais pour le visage qui hydrate profond\u00e9ment la peau.<\/p>\n<p>Ce tonique absorbe rapidement profond\u00e9ment dans la couche corn\u00e9e et contient des ingr\u00e9dients qui sont pens\u00e9s interf\u00e9rer avec la g\u00e9n\u00e9ration de m\u00e9lanine qui peut pr\u00e9venir les taches et les taches de rousseur.<\/p>\n<p>Il aide \u00e9galement \u00e0 \u00e9liminer les cellules mortes de la peau et les r\u00e9sidus de maquillage.<\/p>\n<p>Apr\u00e8s avoir appliqu\u00e9 ce toner, votre peau sera hydrat\u00e9e, lumineuse et bien pr\u00e9par\u00e9e pour l&rsquo;application d&rsquo;autres produits de soins de la peau.<\/p>","protected":false},"excerpt":{"rendered":"<p>Shiseido Aqualabel Lotion est un tonique japonais pour le visage qui hydrate profond\u00e9ment la peau. Ce tonique absorbe rapidement profond\u00e9ment dans la couche corn\u00e9e et contient des ingr\u00e9dients qui sont pens\u00e9s interf\u00e9rer avec la g\u00e9n\u00e9ration de m\u00e9lanine qui peut pr\u00e9venir les taches et les taches de rousseur. Il aide \u00e9galement \u00e0 \u00e9liminer les cellules mortes<\/p>\n<div class=\"klb-readmore entry-button\"><a class=\"button light alt medium\" href=\"https:\/\/skinbodycaree.com\/en\/product\/aqua-label-brightining-care-lotion-moist\/\">Read More<\/a><\/div>","protected":false},"featured_media":2623,"template":"","meta":[],"product_cat":[76,42],"product_tag":[],"class_list":["post-2622","product","type-product","status-publish","has-post-thumbnail","hentry","product_cat-lotions-essence-toner","product_cat-visage"],"yoast_head":"<!-- This site is optimized with the Yoast SEO plugin v27.3 - https:\/\/yoast.com\/product\/yoast-seo-wordpress\/ -->\n<title>Shiseido Brightening Lotion - SkinBodyCare<\/title>\n<meta name=\"robots\" content=\"index, follow, max-snippet:-1, max-image-preview:large, max-video-preview:-1\" \/>\n<link rel=\"canonical\" href=\"https:\/\/skinbodycaree.com\/en\/product\/aqua-label-brightining-care-lotion-moist\/\" \/>\n<meta property=\"og:locale\" content=\"en_US\" \/>\n<meta property=\"og:type\" content=\"article\" \/>\n<meta property=\"og:title\" content=\"Shiseido Brightening Lotion - SkinBodyCare\" \/>\n<meta property=\"og:description\" content=\"Shiseido Aqualabel Lotion est un tonique japonais pour le visage qui hydrate profond\u00e9ment la peau. Ce tonique absorbe rapidement profond\u00e9ment dans la couche corn\u00e9e et contient des ingr\u00e9dients qui sont pens\u00e9s interf\u00e9rer avec la g\u00e9n\u00e9ration de m\u00e9lanine qui peut pr\u00e9venir les taches et les taches de rousseur. Il aide \u00e9galement \u00e0 \u00e9liminer les cellules mortesRead More\" \/>\n<meta property=\"og:url\" content=\"https:\/\/skinbodycaree.com\/en\/product\/aqua-label-brightining-care-lotion-moist\/\" \/>\n<meta property=\"og:site_name\" content=\"SkinBodyCare\" \/>\n<meta property=\"article:modified_time\" content=\"2026-02-14T20:56:05+00:00\" \/>\n<meta property=\"og:image\" content=\"https:\/\/skinbodycaree.com\/wp-content\/uploads\/2023\/12\/aqua-label-brightining-care-lotion-moist.webp\" \/>\n\t<meta property=\"og:image:width\" content=\"768\" \/>\n\t<meta property=\"og:image:height\" content=\"783\" \/>\n\t<meta property=\"og:image:type\" content=\"image\/webp\" \/>\n<meta name=\"twitter:card\" content=\"summary_large_image\" \/>\n<script type=\"application\/ld+json\" class=\"yoast-schema-graph\">{\"@context\":\"https:\\\/\\\/schema.org\",\"@graph\":[{\"@type\":\"WebPage\",\"@id\":\"https:\\\/\\\/skinbodycaree.com\\\/produit\\\/aqua-label-brightining-care-lotion-moist\\\/\",\"url\":\"https:\\\/\\\/skinbodycaree.com\\\/produit\\\/aqua-label-brightining-care-lotion-moist\\\/\",\"name\":\"Shiseido Brightening Lotion - SkinBodyCare\",\"isPartOf\":{\"@id\":\"https:\\\/\\\/skinbodycaree.com\\\/#website\"},\"primaryImageOfPage\":{\"@id\":\"https:\\\/\\\/skinbodycaree.com\\\/produit\\\/aqua-label-brightining-care-lotion-moist\\\/#primaryimage\"},\"image\":{\"@id\":\"https:\\\/\\\/skinbodycaree.com\\\/produit\\\/aqua-label-brightining-care-lotion-moist\\\/#primaryimage\"},\"thumbnailUrl\":\"https:\\\/\\\/skinbodycaree.com\\\/wp-content\\\/uploads\\\/2023\\\/12\\\/aqua-label-brightining-care-lotion-moist.webp\",\"datePublished\":\"2023-12-05T00:54:19+00:00\",\"dateModified\":\"2026-02-14T20:56:05+00:00\",\"breadcrumb\":{\"@id\":\"https:\\\/\\\/skinbodycaree.com\\\/produit\\\/aqua-label-brightining-care-lotion-moist\\\/#breadcrumb\"},\"inLanguage\":\"en-US\",\"potentialAction\":[{\"@type\":\"ReadAction\",\"target\":[\"https:\\\/\\\/skinbodycaree.com\\\/produit\\\/aqua-label-brightining-care-lotion-moist\\\/\"]}]},{\"@type\":\"ImageObject\",\"inLanguage\":\"en-US\",\"@id\":\"https:\\\/\\\/skinbodycaree.com\\\/produit\\\/aqua-label-brightining-care-lotion-moist\\\/#primaryimage\",\"url\":\"https:\\\/\\\/skinbodycaree.com\\\/wp-content\\\/uploads\\\/2023\\\/12\\\/aqua-label-brightining-care-lotion-moist.webp\",\"contentUrl\":\"https:\\\/\\\/skinbodycaree.com\\\/wp-content\\\/uploads\\\/2023\\\/12\\\/aqua-label-brightining-care-lotion-moist.webp\",\"width\":768,\"height\":783},{\"@type\":\"BreadcrumbList\",\"@id\":\"https:\\\/\\\/skinbodycaree.com\\\/produit\\\/aqua-label-brightining-care-lotion-moist\\\/#breadcrumb\",\"itemListElement\":[{\"@type\":\"ListItem\",\"position\":1,\"name\":\"Accueil\",\"item\":\"https:\\\/\\\/skinbodycaree.com\\\/\"},{\"@type\":\"ListItem\",\"position\":2,\"name\":\"Boutique\",\"item\":\"https:\\\/\\\/skinbodycaree.com\\\/shop\\\/\"},{\"@type\":\"ListItem\",\"position\":3,\"name\":\"Shiseido Brightening Lotion\"}]},{\"@type\":\"WebSite\",\"@id\":\"https:\\\/\\\/skinbodycaree.com\\\/#website\",\"url\":\"https:\\\/\\\/skinbodycaree.com\\\/\",\"name\":\"SkinBodyCare\",\"description\":\"Because Your Skin Deserves Better\",\"potentialAction\":[{\"@type\":\"SearchAction\",\"target\":{\"@type\":\"EntryPoint\",\"urlTemplate\":\"https:\\\/\\\/skinbodycaree.com\\\/?s={search_term_string}\"},\"query-input\":{\"@type\":\"PropertyValueSpecification\",\"valueRequired\":true,\"valueName\":\"search_term_string\"}}],\"inLanguage\":\"en-US\"}]}<\/script>\n<!-- \/ Yoast SEO plugin. -->","yoast_head_json":{"title":"Shiseido Brightening Lotion - SkinBodyCare","robots":{"index":"index","follow":"follow","max-snippet":"max-snippet:-1","max-image-preview":"max-image-preview:large","max-video-preview":"max-video-preview:-1"},"canonical":"https:\/\/skinbodycaree.com\/en\/product\/aqua-label-brightining-care-lotion-moist\/","og_locale":"en_US","og_type":"article","og_title":"Shiseido Brightening Lotion - SkinBodyCare","og_description":"Shiseido Aqualabel Lotion est un tonique japonais pour le visage qui hydrate profond\u00e9ment la peau. Ce tonique absorbe rapidement profond\u00e9ment dans la couche corn\u00e9e et contient des ingr\u00e9dients qui sont pens\u00e9s interf\u00e9rer avec la g\u00e9n\u00e9ration de m\u00e9lanine qui peut pr\u00e9venir les taches et les taches de rousseur. Il aide \u00e9galement \u00e0 \u00e9liminer les cellules mortesRead More","og_url":"https:\/\/skinbodycaree.com\/en\/product\/aqua-label-brightining-care-lotion-moist\/","og_site_name":"SkinBodyCare","article_modified_time":"2026-02-14T20:56:05+00:00","og_image":[{"width":768,"height":783,"url":"https:\/\/skinbodycaree.com\/wp-content\/uploads\/2023\/12\/aqua-label-brightining-care-lotion-moist.webp","type":"image\/webp"}],"twitter_card":"summary_large_image","schema":{"@context":"https:\/\/schema.org","@graph":[{"@type":"WebPage","@id":"https:\/\/skinbodycaree.com\/produit\/aqua-label-brightining-care-lotion-moist\/","url":"https:\/\/skinbodycaree.com\/produit\/aqua-label-brightining-care-lotion-moist\/","name":"Shiseido Brightening Lotion - SkinBodyCare","isPartOf":{"@id":"https:\/\/skinbodycaree.com\/#website"},"primaryImageOfPage":{"@id":"https:\/\/skinbodycaree.com\/produit\/aqua-label-brightining-care-lotion-moist\/#primaryimage"},"image":{"@id":"https:\/\/skinbodycaree.com\/produit\/aqua-label-brightining-care-lotion-moist\/#primaryimage"},"thumbnailUrl":"https:\/\/skinbodycaree.com\/wp-content\/uploads\/2023\/12\/aqua-label-brightining-care-lotion-moist.webp","datePublished":"2023-12-05T00:54:19+00:00","dateModified":"2026-02-14T20:56:05+00:00","breadcrumb":{"@id":"https:\/\/skinbodycaree.com\/produit\/aqua-label-brightining-care-lotion-moist\/#breadcrumb"},"inLanguage":"en-US","potentialAction":[{"@type":"ReadAction","target":["https:\/\/skinbodycaree.com\/produit\/aqua-label-brightining-care-lotion-moist\/"]}]},{"@type":"ImageObject","inLanguage":"en-US","@id":"https:\/\/skinbodycaree.com\/produit\/aqua-label-brightining-care-lotion-moist\/#primaryimage","url":"https:\/\/skinbodycaree.com\/wp-content\/uploads\/2023\/12\/aqua-label-brightining-care-lotion-moist.webp","contentUrl":"https:\/\/skinbodycaree.com\/wp-content\/uploads\/2023\/12\/aqua-label-brightining-care-lotion-moist.webp","width":768,"height":783},{"@type":"BreadcrumbList","@id":"https:\/\/skinbodycaree.com\/produit\/aqua-label-brightining-care-lotion-moist\/#breadcrumb","itemListElement":[{"@type":"ListItem","position":1,"name":"Accueil","item":"https:\/\/skinbodycaree.com\/"},{"@type":"ListItem","position":2,"name":"Boutique","item":"https:\/\/skinbodycaree.com\/shop\/"},{"@type":"ListItem","position":3,"name":"Shiseido Brightening Lotion"}]},{"@type":"WebSite","@id":"https:\/\/skinbodycaree.com\/#website","url":"https:\/\/skinbodycaree.com\/","name":"SkinBodyCare","description":"Because Your Skin Deserves Better","potentialAction":[{"@type":"SearchAction","target":{"@type":"EntryPoint","urlTemplate":"https:\/\/skinbodycaree.com\/?s={search_term_string}"},"query-input":{"@type":"PropertyValueSpecification","valueRequired":true,"valueName":"search_term_string"}}],"inLanguage":"en-US"}]}},"_links":{"self":[{"href":"https:\/\/skinbodycaree.com\/en\/wp-json\/wp\/v2\/product\/2622","targetHints":{"allow":["GET"]}}],"collection":[{"href":"https:\/\/skinbodycaree.com\/en\/wp-json\/wp\/v2\/product"}],"about":[{"href":"https:\/\/skinbodycaree.com\/en\/wp-json\/wp\/v2\/types\/product"}],"wp:featuredmedia":[{"embeddable":true,"href":"https:\/\/skinbodycaree.com\/en\/wp-json\/wp\/v2\/media\/2623"}],"wp:attachment":[{"href":"https:\/\/skinbodycaree.com\/en\/wp-json\/wp\/v2\/media?parent=2622"}],"wp:term":[{"taxonomy":"product_cat","embeddable":true,"href":"https:\/\/skinbodycaree.com\/en\/wp-json\/wp\/v2\/product_cat?post=2622"},{"taxonomy":"product_tag","embeddable":true,"href":"https:\/\/skinbodycaree.com\/en\/wp-json\/wp\/v2\/product_tag?post=2622"}],"curies":[{"name":"wp","href":"https:\/\/api.w.org\/{rel}","templated":true}]}}