{"id":2616,"date":"2023-12-05T00:44:33","date_gmt":"2023-12-05T00:44:33","guid":{"rendered":"https:\/\/skinbodycaree.com\/?post_type=product&#038;p=2616"},"modified":"2024-02-19T02:42:01","modified_gmt":"2024-02-19T02:42:01","slug":"byoma-brightening-toner-lactic-acid-birch-extract","status":"publish","type":"product","link":"https:\/\/skinbodycaree.com\/en\/product\/byoma-brightening-toner-lactic-acid-birch-extract\/","title":{"rendered":"Byoma Brightening Toner"},"content":{"rendered":"<p style=\"margin: 0px 0px 1.5em;padding: 0px;font-size: 1rem;line-height: 24px;letter-spacing: 0.4px;font-family: AvantGardeMedium, Arial, sans-serif;font-style: normal;font-weight: 400;text-align: start;text-indent: 0px;text-transform: none;text-decoration: none\">Suffisamment doux pour un usage quotidien, ce tonique \u00e9claircissant pour le visage lib\u00e8re les pores et contr\u00f4le le s\u00e9bum pour une peau d&rsquo;apparence plus douce et plus lisse et un teint plus \u00e9clatant.&nbsp;<\/p>\n<p style=\"margin: 0px 0px 1.5em;padding: 0px;font-size: 1rem;line-height: 24px;letter-spacing: 0.4px;font-family: AvantGardeMedium, Arial, sans-serif;font-style: normal;font-weight: 400;text-align: start;text-indent: 0px;text-transform: none;text-decoration: none\">Combin\u00e9e \u00e0 un m\u00e9lange d&rsquo;acides lactiques et mand\u00e9liques exfoliants, d&rsquo;ur\u00e9e et d&rsquo;extraits de bouleau, elle favorise le renouvellement cellulaire, am\u00e9liore l&rsquo;apparence du teint et de la texture de la peau et att\u00e9nue les signes de pigmentation et les taches brunes.<span class=\"Apple-converted-space\">&nbsp;<\/span><\/p>\n<p style=\"margin: 0px 0px 1.5em;padding: 0px;font-size: 1rem;line-height: 24px;letter-spacing: 0.4px;font-family: AvantGardeMedium, Arial, sans-serif;font-style: normal;font-weight: 400;text-align: start;text-indent: 0px;text-transform: none;text-decoration: none\">Points forts:<\/p>\n<ul style=\"margin: 0px 0px 1rem 1.25rem;padding: 0px;line-height: 1.6;list-style-type: disc;font-family: AvantGardeMedium, Arial, sans-serif;font-size: 15px;font-style: normal;font-weight: 400;letter-spacing: 0.5px;text-align: start;text-indent: 0px;text-transform: none;text-decoration: none\">\n<li style=\"margin: 0px;padding: 0px;font-size: inherit\">Le tonique \u00e9claircissant adoucit la peau et contr\u00f4le l&rsquo;exc\u00e8s de s\u00e9bum<\/li>\n<li style=\"margin: 0px;padding: 0px;font-size: inherit\">Le complexe Barrier Lipids renforce la barri\u00e8re cutan\u00e9e<\/li>\n<li style=\"margin: 0px;padding: 0px;font-size: inherit\">Les acides lactique et mand\u00e9lique exfolient en douceur<\/li>\n<li style=\"margin: 0px;padding: 0px;font-size: inherit\">Les extraits d&rsquo;ur\u00e9e et de bouleau am\u00e9liorent l&rsquo;apparence du teint et de la texture<\/li>\n<li style=\"margin: 0px;padding: 0px;font-size: inherit\">Assez doux pour un usage quotidien<\/li>\n<\/ul>","protected":false},"excerpt":{"rendered":"<p>Suffisamment doux pour un usage quotidien, ce tonique \u00e9claircissant pour le visage lib\u00e8re les pores et contr\u00f4le le s\u00e9bum pour une peau d&rsquo;apparence plus douce et plus lisse et un teint plus \u00e9clatant.&nbsp; Combin\u00e9e \u00e0 un m\u00e9lange d&rsquo;acides lactiques et mand\u00e9liques exfoliants, d&rsquo;ur\u00e9e et d&rsquo;extraits de bouleau, elle favorise le renouvellement cellulaire, am\u00e9liore l&rsquo;apparence du<\/p>\n<div class=\"klb-readmore entry-button\"><a class=\"button light alt medium\" href=\"https:\/\/skinbodycaree.com\/en\/product\/byoma-brightening-toner-lactic-acid-birch-extract\/\">Read More<\/a><\/div>","protected":false},"featured_media":2617,"template":"","meta":[],"product_cat":[76,42],"product_tag":[],"class_list":["post-2616","product","type-product","status-publish","has-post-thumbnail","hentry","product_cat-lotions-essence-toner","product_cat-visage"],"yoast_head":"<!-- This site is optimized with the Yoast SEO plugin v27.3 - https:\/\/yoast.com\/product\/yoast-seo-wordpress\/ -->\n<title>Byoma Brightening Toner - SkinBodyCare<\/title>\n<meta name=\"robots\" content=\"index, follow, max-snippet:-1, max-image-preview:large, max-video-preview:-1\" \/>\n<link rel=\"canonical\" href=\"https:\/\/skinbodycaree.com\/en\/product\/byoma-brightening-toner-lactic-acid-birch-extract\/\" \/>\n<meta property=\"og:locale\" content=\"en_US\" \/>\n<meta property=\"og:type\" content=\"article\" \/>\n<meta property=\"og:title\" content=\"Byoma Brightening Toner - SkinBodyCare\" \/>\n<meta property=\"og:description\" content=\"Suffisamment doux pour un usage quotidien, ce tonique \u00e9claircissant pour le visage lib\u00e8re les pores et contr\u00f4le le s\u00e9bum pour une peau d&rsquo;apparence plus douce et plus lisse et un teint plus \u00e9clatant.&nbsp; Combin\u00e9e \u00e0 un m\u00e9lange d&rsquo;acides lactiques et mand\u00e9liques exfoliants, d&rsquo;ur\u00e9e et d&rsquo;extraits de bouleau, elle favorise le renouvellement cellulaire, am\u00e9liore l&rsquo;apparence duRead More\" \/>\n<meta property=\"og:url\" content=\"https:\/\/skinbodycaree.com\/en\/product\/byoma-brightening-toner-lactic-acid-birch-extract\/\" \/>\n<meta property=\"og:site_name\" content=\"SkinBodyCare\" \/>\n<meta property=\"article:modified_time\" content=\"2024-02-19T02:42:01+00:00\" \/>\n<meta property=\"og:image\" content=\"https:\/\/skinbodycaree.com\/wp-content\/uploads\/2023\/12\/byoma-brightening-toner-lactic-acid-birch-extract.webp\" \/>\n\t<meta property=\"og:image:width\" content=\"768\" \/>\n\t<meta property=\"og:image:height\" content=\"783\" \/>\n\t<meta property=\"og:image:type\" content=\"image\/webp\" \/>\n<meta name=\"twitter:card\" content=\"summary_large_image\" \/>\n<meta name=\"twitter:label1\" content=\"Est. reading time\" \/>\n\t<meta name=\"twitter:data1\" content=\"1 minute\" \/>\n<script type=\"application\/ld+json\" class=\"yoast-schema-graph\">{\"@context\":\"https:\\\/\\\/schema.org\",\"@graph\":[{\"@type\":\"WebPage\",\"@id\":\"https:\\\/\\\/skinbodycaree.com\\\/produit\\\/byoma-brightening-toner-lactic-acid-birch-extract\\\/\",\"url\":\"https:\\\/\\\/skinbodycaree.com\\\/produit\\\/byoma-brightening-toner-lactic-acid-birch-extract\\\/\",\"name\":\"Byoma Brightening Toner - SkinBodyCare\",\"isPartOf\":{\"@id\":\"https:\\\/\\\/skinbodycaree.com\\\/#website\"},\"primaryImageOfPage\":{\"@id\":\"https:\\\/\\\/skinbodycaree.com\\\/produit\\\/byoma-brightening-toner-lactic-acid-birch-extract\\\/#primaryimage\"},\"image\":{\"@id\":\"https:\\\/\\\/skinbodycaree.com\\\/produit\\\/byoma-brightening-toner-lactic-acid-birch-extract\\\/#primaryimage\"},\"thumbnailUrl\":\"https:\\\/\\\/skinbodycaree.com\\\/wp-content\\\/uploads\\\/2023\\\/12\\\/byoma-brightening-toner-lactic-acid-birch-extract.webp\",\"datePublished\":\"2023-12-05T00:44:33+00:00\",\"dateModified\":\"2024-02-19T02:42:01+00:00\",\"breadcrumb\":{\"@id\":\"https:\\\/\\\/skinbodycaree.com\\\/produit\\\/byoma-brightening-toner-lactic-acid-birch-extract\\\/#breadcrumb\"},\"inLanguage\":\"en-US\",\"potentialAction\":[{\"@type\":\"ReadAction\",\"target\":[\"https:\\\/\\\/skinbodycaree.com\\\/produit\\\/byoma-brightening-toner-lactic-acid-birch-extract\\\/\"]}]},{\"@type\":\"ImageObject\",\"inLanguage\":\"en-US\",\"@id\":\"https:\\\/\\\/skinbodycaree.com\\\/produit\\\/byoma-brightening-toner-lactic-acid-birch-extract\\\/#primaryimage\",\"url\":\"https:\\\/\\\/skinbodycaree.com\\\/wp-content\\\/uploads\\\/2023\\\/12\\\/byoma-brightening-toner-lactic-acid-birch-extract.webp\",\"contentUrl\":\"https:\\\/\\\/skinbodycaree.com\\\/wp-content\\\/uploads\\\/2023\\\/12\\\/byoma-brightening-toner-lactic-acid-birch-extract.webp\",\"width\":768,\"height\":783},{\"@type\":\"BreadcrumbList\",\"@id\":\"https:\\\/\\\/skinbodycaree.com\\\/produit\\\/byoma-brightening-toner-lactic-acid-birch-extract\\\/#breadcrumb\",\"itemListElement\":[{\"@type\":\"ListItem\",\"position\":1,\"name\":\"Accueil\",\"item\":\"https:\\\/\\\/skinbodycaree.com\\\/\"},{\"@type\":\"ListItem\",\"position\":2,\"name\":\"Boutique\",\"item\":\"https:\\\/\\\/skinbodycaree.com\\\/shop\\\/\"},{\"@type\":\"ListItem\",\"position\":3,\"name\":\"Byoma Brightening Toner\"}]},{\"@type\":\"WebSite\",\"@id\":\"https:\\\/\\\/skinbodycaree.com\\\/#website\",\"url\":\"https:\\\/\\\/skinbodycaree.com\\\/\",\"name\":\"SkinBodyCare\",\"description\":\"Because Your Skin Deserves Better\",\"potentialAction\":[{\"@type\":\"SearchAction\",\"target\":{\"@type\":\"EntryPoint\",\"urlTemplate\":\"https:\\\/\\\/skinbodycaree.com\\\/?s={search_term_string}\"},\"query-input\":{\"@type\":\"PropertyValueSpecification\",\"valueRequired\":true,\"valueName\":\"search_term_string\"}}],\"inLanguage\":\"en-US\"}]}<\/script>\n<!-- \/ Yoast SEO plugin. -->","yoast_head_json":{"title":"Byoma Brightening Toner - SkinBodyCare","robots":{"index":"index","follow":"follow","max-snippet":"max-snippet:-1","max-image-preview":"max-image-preview:large","max-video-preview":"max-video-preview:-1"},"canonical":"https:\/\/skinbodycaree.com\/en\/product\/byoma-brightening-toner-lactic-acid-birch-extract\/","og_locale":"en_US","og_type":"article","og_title":"Byoma Brightening Toner - SkinBodyCare","og_description":"Suffisamment doux pour un usage quotidien, ce tonique \u00e9claircissant pour le visage lib\u00e8re les pores et contr\u00f4le le s\u00e9bum pour une peau d&rsquo;apparence plus douce et plus lisse et un teint plus \u00e9clatant.&nbsp; Combin\u00e9e \u00e0 un m\u00e9lange d&rsquo;acides lactiques et mand\u00e9liques exfoliants, d&rsquo;ur\u00e9e et d&rsquo;extraits de bouleau, elle favorise le renouvellement cellulaire, am\u00e9liore l&rsquo;apparence duRead More","og_url":"https:\/\/skinbodycaree.com\/en\/product\/byoma-brightening-toner-lactic-acid-birch-extract\/","og_site_name":"SkinBodyCare","article_modified_time":"2024-02-19T02:42:01+00:00","og_image":[{"width":768,"height":783,"url":"https:\/\/skinbodycaree.com\/wp-content\/uploads\/2023\/12\/byoma-brightening-toner-lactic-acid-birch-extract.webp","type":"image\/webp"}],"twitter_card":"summary_large_image","twitter_misc":{"Est. reading time":"1 minute"},"schema":{"@context":"https:\/\/schema.org","@graph":[{"@type":"WebPage","@id":"https:\/\/skinbodycaree.com\/produit\/byoma-brightening-toner-lactic-acid-birch-extract\/","url":"https:\/\/skinbodycaree.com\/produit\/byoma-brightening-toner-lactic-acid-birch-extract\/","name":"Byoma Brightening Toner - SkinBodyCare","isPartOf":{"@id":"https:\/\/skinbodycaree.com\/#website"},"primaryImageOfPage":{"@id":"https:\/\/skinbodycaree.com\/produit\/byoma-brightening-toner-lactic-acid-birch-extract\/#primaryimage"},"image":{"@id":"https:\/\/skinbodycaree.com\/produit\/byoma-brightening-toner-lactic-acid-birch-extract\/#primaryimage"},"thumbnailUrl":"https:\/\/skinbodycaree.com\/wp-content\/uploads\/2023\/12\/byoma-brightening-toner-lactic-acid-birch-extract.webp","datePublished":"2023-12-05T00:44:33+00:00","dateModified":"2024-02-19T02:42:01+00:00","breadcrumb":{"@id":"https:\/\/skinbodycaree.com\/produit\/byoma-brightening-toner-lactic-acid-birch-extract\/#breadcrumb"},"inLanguage":"en-US","potentialAction":[{"@type":"ReadAction","target":["https:\/\/skinbodycaree.com\/produit\/byoma-brightening-toner-lactic-acid-birch-extract\/"]}]},{"@type":"ImageObject","inLanguage":"en-US","@id":"https:\/\/skinbodycaree.com\/produit\/byoma-brightening-toner-lactic-acid-birch-extract\/#primaryimage","url":"https:\/\/skinbodycaree.com\/wp-content\/uploads\/2023\/12\/byoma-brightening-toner-lactic-acid-birch-extract.webp","contentUrl":"https:\/\/skinbodycaree.com\/wp-content\/uploads\/2023\/12\/byoma-brightening-toner-lactic-acid-birch-extract.webp","width":768,"height":783},{"@type":"BreadcrumbList","@id":"https:\/\/skinbodycaree.com\/produit\/byoma-brightening-toner-lactic-acid-birch-extract\/#breadcrumb","itemListElement":[{"@type":"ListItem","position":1,"name":"Accueil","item":"https:\/\/skinbodycaree.com\/"},{"@type":"ListItem","position":2,"name":"Boutique","item":"https:\/\/skinbodycaree.com\/shop\/"},{"@type":"ListItem","position":3,"name":"Byoma Brightening Toner"}]},{"@type":"WebSite","@id":"https:\/\/skinbodycaree.com\/#website","url":"https:\/\/skinbodycaree.com\/","name":"SkinBodyCare","description":"Because Your Skin Deserves Better","potentialAction":[{"@type":"SearchAction","target":{"@type":"EntryPoint","urlTemplate":"https:\/\/skinbodycaree.com\/?s={search_term_string}"},"query-input":{"@type":"PropertyValueSpecification","valueRequired":true,"valueName":"search_term_string"}}],"inLanguage":"en-US"}]}},"_links":{"self":[{"href":"https:\/\/skinbodycaree.com\/en\/wp-json\/wp\/v2\/product\/2616","targetHints":{"allow":["GET"]}}],"collection":[{"href":"https:\/\/skinbodycaree.com\/en\/wp-json\/wp\/v2\/product"}],"about":[{"href":"https:\/\/skinbodycaree.com\/en\/wp-json\/wp\/v2\/types\/product"}],"wp:featuredmedia":[{"embeddable":true,"href":"https:\/\/skinbodycaree.com\/en\/wp-json\/wp\/v2\/media\/2617"}],"wp:attachment":[{"href":"https:\/\/skinbodycaree.com\/en\/wp-json\/wp\/v2\/media?parent=2616"}],"wp:term":[{"taxonomy":"product_cat","embeddable":true,"href":"https:\/\/skinbodycaree.com\/en\/wp-json\/wp\/v2\/product_cat?post=2616"},{"taxonomy":"product_tag","embeddable":true,"href":"https:\/\/skinbodycaree.com\/en\/wp-json\/wp\/v2\/product_tag?post=2616"}],"curies":[{"name":"wp","href":"https:\/\/api.w.org\/{rel}","templated":true}]}}